{"id":10,"date":"2024-03-19T10:26:26","date_gmt":"2024-03-19T07:26:26","guid":{"rendered":"https:\/\/tacpackambalaj.com\/index.php\/home\/"},"modified":"2025-12-09T03:00:36","modified_gmt":"2025-12-09T00:00:36","slug":"ana-sayfa","status":"publish","type":"page","link":"https:\/\/tacpackambalaj.com\/","title":{"rendered":"Adana Ambalaj ve Toptan Koli \u00c7\u00f6z\u00fcmleri"},"content":{"rendered":"\n<p><strong>Adana ambalaj<\/strong> firmalar\u0131 aras\u0131nda kalitesiyle \u00f6ne \u00e7\u0131kan Ta\u00e7pack, ya\u015f sebze ve meyve ihracat\u00e7\u0131lar\u0131 i\u00e7in \u00f6zel \u00e7\u00f6z\u00fcmler sunar. Sadece <strong>Adana ambalaj<\/strong> ihtiya\u00e7lar\u0131n\u0131z\u0131 de\u011fil, t\u00fcm T\u00fcrkiye&#8217;nin toptan koli taleplerini kar\u015f\u0131l\u0131yoruz..<\/p>\n\n\n\n<h3 class=\"wp-block-heading\"><strong>Adana Ambalaj Sekt\u00f6r\u00fcnde Ta\u00e7pack G\u00fcvencesi<\/strong><\/h3>\n\n\n\n<p><strong>Adana ambalaj<\/strong> sekt\u00f6r\u00fcn\u00fcn \u00f6nc\u00fc markas\u0131 Ta\u00e7pack, 20 y\u0131l\u0131 a\u015fk\u0131n tecr\u00fcbesiyle \u00fcr\u00fcnlerinize de\u011fer katmaya devam ediyor. \u0130ster ya\u015f sebze meyve ihracat\u00e7\u0131s\u0131 olun, ister sanayi \u00fcreticisi; \u00fcr\u00fcnlerinizin g\u00fcvenle ta\u015f\u0131nmas\u0131 i\u00e7in do\u011fru ambalaj se\u00e7imi hayati \u00f6nem ta\u015f\u0131r. Biz, sadece bir kutu de\u011fil, \u00fcr\u00fcn\u00fcn\u00fcz\u00fc koruyan profesyonel bir z\u0131rh \u00fcretiyoruz.<\/p>\n\n\n\n<p>Firmam\u0131z, <strong>Adana ambalaj<\/strong> firmalar\u0131 aras\u0131nda yenilik\u00e7i \u00fcretim teknolojisi ve geni\u015f \u00fcr\u00fcn yelpazesiyle ayr\u0131\u015fmaktad\u0131r. Toptan koli \u00fcretiminden dayan\u0131kl\u0131 karton k\u00f6\u015febentlere, ofset bask\u0131l\u0131 kutulardan \u00f6zel kesim ambalajlara kadar i\u015fletmenizin t\u00fcm ihtiya\u00e7lar\u0131n\u0131 tek \u00e7at\u0131 alt\u0131nda kar\u015f\u0131l\u0131yoruz.<\/p>\n\n\n\n<p>Neden Ta\u00e7pack&#8217;i tercih etmelisiniz? \u00c7\u00fcnk\u00fc biz, <strong>Adana ambalaj<\/strong> \u00e7\u00f6z\u00fcmleri dendi\u011finde akla gelen ilk kriter olan &#8220;sa\u011flaml\u0131k&#8221; ve &#8220;zaman\u0131nda teslimat&#8221; ilkelerinden asla taviz vermiyoruz. \u00dcr\u00fcnleriniz fabrikadan \u00e7\u0131kt\u0131\u011f\u0131 tazelikte ve formda m\u00fc\u015fterinize ula\u015fs\u0131n istiyorsan\u0131z, do\u011fru yerdesiniz.<\/p>\n\n\n\n<p>Siz de i\u015fletmeniz i\u00e7in en uygun fiyatl\u0131 ve kaliteli \u00e7\u00f6z\u00fcmleri ar\u0131yorsan\u0131z, <strong>Adana ambalaj<\/strong> ve koli ihtiya\u00e7lar\u0131n\u0131z i\u00e7in hemen bizimle ileti\u015fime ge\u00e7in ve profesyonel hizmet fark\u0131n\u0131 ya\u015fay\u0131n.<\/p>\n","protected":false},"excerpt":{"rendered":"<p>Adana ambalaj firmalar\u0131 aras\u0131nda kalitesiyle \u00f6ne \u00e7\u0131kan Ta\u00e7pack, ya\u015f sebze ve meyve ihracat\u00e7\u0131lar\u0131 i\u00e7in \u00f6zel \u00e7\u00f6z\u00fcmler sunar. Sadece Adana ambalaj ihtiya\u00e7lar\u0131n\u0131z\u0131 de\u011fil, t\u00fcm T\u00fcrkiye&#8217;nin toptan koli taleplerini kar\u015f\u0131l\u0131yoruz.. Adana Ambalaj Sekt\u00f6r\u00fcnde Ta\u00e7pack G\u00fcvencesi Adana ambalaj sekt\u00f6r\u00fcn\u00fcn \u00f6nc\u00fc markas\u0131 Ta\u00e7pack, 20 y\u0131l\u0131 a\u015fk\u0131n tecr\u00fcbesiyle \u00fcr\u00fcnlerinize de\u011fer katmaya devam ediyor. \u0130ster ya\u015f sebze meyve ihracat\u00e7\u0131s\u0131 olun, ister [&hellip;]<\/p>\n","protected":false},"author":1,"featured_media":0,"parent":0,"menu_order":0,"comment_status":"closed","ping_status":"closed","template":"templates\/template-homepage.php","meta":{"om_disable_all_campaigns":false,"_monsterinsights_skip_tracking":false,"_monsterinsights_sitenote_active":false,"_monsterinsights_sitenote_note":"","_monsterinsights_sitenote_category":0,"footnotes":""},"class_list":["post-10","page","type-page","status-publish","hentry"],"aioseo_notices":[],"_links":{"self":[{"href":"https:\/\/tacpackambalaj.com\/index.php\/wp-json\/wp\/v2\/pages\/10","targetHints":{"allow":["GET"]}}],"collection":[{"href":"https:\/\/tacpackambalaj.com\/index.php\/wp-json\/wp\/v2\/pages"}],"about":[{"href":"https:\/\/tacpackambalaj.com\/index.php\/wp-json\/wp\/v2\/types\/page"}],"author":[{"embeddable":true,"href":"https:\/\/tacpackambalaj.com\/index.php\/wp-json\/wp\/v2\/users\/1"}],"replies":[{"embeddable":true,"href":"https:\/\/tacpackambalaj.com\/index.php\/wp-json\/wp\/v2\/comments?post=10"}],"version-history":[{"count":4,"href":"https:\/\/tacpackambalaj.com\/index.php\/wp-json\/wp\/v2\/pages\/10\/revisions"}],"predecessor-version":[{"id":222,"href":"https:\/\/tacpackambalaj.com\/index.php\/wp-json\/wp\/v2\/pages\/10\/revisions\/222"}],"wp:attachment":[{"href":"https:\/\/tacpackambalaj.com\/index.php\/wp-json\/wp\/v2\/media?parent=10"}],"curies":[{"name":"wp","href":"https:\/\/api.w.org\/{rel}","templated":true}]}}