{"id":253,"date":"2025-12-12T02:25:05","date_gmt":"2025-12-11T23:25:05","guid":{"rendered":"https:\/\/tacpackambalaj.com\/?page_id=253"},"modified":"2025-12-12T04:41:28","modified_gmt":"2025-12-12T01:41:28","slug":"a-box-koli","status":"publish","type":"page","link":"https:\/\/tacpackambalaj.com\/index.php\/a-box-koli\/","title":{"rendered":"A BOX KOL\u0130"},"content":{"rendered":"\t\t<div data-elementor-type=\"wp-page\" data-elementor-id=\"253\" class=\"elementor elementor-253\">\n\t\t\t\t<div class=\"elementor-element elementor-element-6dae950a e-flex e-con-boxed e-con e-parent\" data-id=\"6dae950a\" data-element_type=\"container\">\n\t\t\t\t\t<div class=\"e-con-inner\">\n\t\t\t\t<div class=\"elementor-element elementor-element-1c67249 elementor-widget elementor-widget-heading\" data-id=\"1c67249\" data-element_type=\"widget\" data-widget_type=\"heading.default\">\n\t\t\t\t\t<h2 class=\"elementor-heading-title elementor-size-default\"><font color=\"#7a7a7a\"><span style=\"font-size: 15px\">A BOX KOL\u0130<\/span><\/font><\/h2>\t\t\t\t<\/div>\n\t\t\t\t<div class=\"elementor-element elementor-element-43749209 elementor-widget elementor-widget-text-editor\" data-id=\"43749209\" data-element_type=\"widget\" data-widget_type=\"text-editor.default\">\n\t\t\t\t\t\t\t\t\t\n<p>A Box koliler, farkl\u0131 sekt\u00f6rlerde \u00fcretilen \u00fcr\u00fcnlerin g\u00fcvenli \u015fekilde paketlenmesi ve ta\u015f\u0131nmas\u0131 i\u00e7in geli\u015ftirilmi\u015f dayan\u0131kl\u0131 kutu modelleridir. Hafif yap\u0131lar\u0131 sayesinde depolamada yer tasarrufu sa\u011flar, nakliye s\u00fcre\u00e7lerinde verimlilik sunar. Standart \u00fcretime uygun formu ile bir\u00e7ok i\u015fletmenin temel ambalaj ihtiyac\u0131n\u0131 kar\u015f\u0131lar.<\/p>\n\t\t\t\t\t\t\t\t<\/div>\n\t\t\t\t\t<\/div>\n\t\t\t\t<\/div>\n\t\t<div class=\"elementor-element elementor-element-ba9a935 e-grid e-con-boxed e-con e-parent\" data-id=\"ba9a935\" data-element_type=\"container\">\n\t\t\t\t\t<div class=\"e-con-inner\">\n\t\t\t\t<div class=\"elementor-element elementor-element-d503e23 elementor-widget elementor-widget-image\" data-id=\"d503e23\" data-element_type=\"widget\" data-widget_type=\"image.default\">\n\t\t\t\t\t\t\t\t\t\t\t\t\t\t\t<img fetchpriority=\"high\" decoding=\"async\" width=\"768\" height=\"598\" src=\"https:\/\/tacpackambalaj.com\/wp-content\/uploads\/2025\/12\/a-box-3-768x598.png\" class=\"attachment-medium_large size-medium_large wp-image-399\" alt=\"\" srcset=\"https:\/\/tacpackambalaj.com\/wp-content\/uploads\/2025\/12\/a-box-3-768x598.png 768w, https:\/\/tacpackambalaj.com\/wp-content\/uploads\/2025\/12\/a-box-3-300x233.png 300w, https:\/\/tacpackambalaj.com\/wp-content\/uploads\/2025\/12\/a-box-3.png 892w\" sizes=\"(max-width: 768px) 100vw, 768px\" \/>\t\t\t\t\t\t\t\t\t\t\t\t\t\t\t<\/div>\n\t\t\t\t<div class=\"elementor-element elementor-element-4a32b45 elementor-widget elementor-widget-image\" data-id=\"4a32b45\" data-element_type=\"widget\" data-widget_type=\"image.default\">\n\t\t\t\t\t\t\t\t\t\t\t\t\t\t\t<img decoding=\"async\" width=\"300\" height=\"300\" src=\"https:\/\/tacpackambalaj.com\/wp-content\/uploads\/2025\/12\/a-box-2-300x300.png\" class=\"attachment-medium size-medium wp-image-398\" alt=\"\" srcset=\"https:\/\/tacpackambalaj.com\/wp-content\/uploads\/2025\/12\/a-box-2-300x300.png 300w, https:\/\/tacpackambalaj.com\/wp-content\/uploads\/2025\/12\/a-box-2-150x150.png 150w, https:\/\/tacpackambalaj.com\/wp-content\/uploads\/2025\/12\/a-box-2.png 857w\" sizes=\"(max-width: 300px) 100vw, 300px\" \/>\t\t\t\t\t\t\t\t\t\t\t\t\t\t\t<\/div>\n\t\t\t\t<div class=\"elementor-element elementor-element-fcfaf10 elementor-widget elementor-widget-image\" data-id=\"fcfaf10\" data-element_type=\"widget\" data-widget_type=\"image.default\">\n\t\t\t\t\t\t\t\t\t\t\t\t\t\t\t<img decoding=\"async\" width=\"300\" height=\"254\" src=\"https:\/\/tacpackambalaj.com\/wp-content\/uploads\/2025\/12\/a-box-1-300x254.png\" class=\"attachment-medium size-medium wp-image-397\" alt=\"\" srcset=\"https:\/\/tacpackambalaj.com\/wp-content\/uploads\/2025\/12\/a-box-1-300x254.png 300w, https:\/\/tacpackambalaj.com\/wp-content\/uploads\/2025\/12\/a-box-1-768x651.png 768w, https:\/\/tacpackambalaj.com\/wp-content\/uploads\/2025\/12\/a-box-1.png 823w\" sizes=\"(max-width: 300px) 100vw, 300px\" \/>\t\t\t\t\t\t\t\t\t\t\t\t\t\t\t<\/div>\n\t\t\t\t\t<\/div>\n\t\t\t\t<\/div>\n\t\t<div class=\"elementor-element elementor-element-c97790f e-flex e-con-boxed e-con e-parent\" data-id=\"c97790f\" data-element_type=\"container\">\n\t\t\t\t\t<div class=\"e-con-inner\">\n\t\t\t\t\t<\/div>\n\t\t\t\t<\/div>\n\t\t\t\t<\/div>\n\t\t","protected":false},"excerpt":{"rendered":"<p>A BOX KOL\u0130 A Box koliler, farkl\u0131 sekt\u00f6rlerde \u00fcretilen \u00fcr\u00fcnlerin g\u00fcvenli \u015fekilde paketlenmesi ve ta\u015f\u0131nmas\u0131 i\u00e7in geli\u015ftirilmi\u015f dayan\u0131kl\u0131 kutu modelleridir. Hafif yap\u0131lar\u0131 sayesinde depolamada yer tasarrufu sa\u011flar, nakliye s\u00fcre\u00e7lerinde verimlilik sunar. Standart \u00fcretime uygun formu ile bir\u00e7ok i\u015fletmenin temel ambalaj ihtiyac\u0131n\u0131 kar\u015f\u0131lar.<\/p>\n","protected":false},"author":1,"featured_media":0,"parent":0,"menu_order":0,"comment_status":"closed","ping_status":"closed","template":"","meta":{"om_disable_all_campaigns":false,"_monsterinsights_skip_tracking":false,"_monsterinsights_sitenote_active":false,"_monsterinsights_sitenote_note":"","_monsterinsights_sitenote_category":0,"footnotes":""},"class_list":["post-253","page","type-page","status-publish","hentry"],"aioseo_notices":[],"_links":{"self":[{"href":"https:\/\/tacpackambalaj.com\/index.php\/wp-json\/wp\/v2\/pages\/253","targetHints":{"allow":["GET"]}}],"collection":[{"href":"https:\/\/tacpackambalaj.com\/index.php\/wp-json\/wp\/v2\/pages"}],"about":[{"href":"https:\/\/tacpackambalaj.com\/index.php\/wp-json\/wp\/v2\/types\/page"}],"author":[{"embeddable":true,"href":"https:\/\/tacpackambalaj.com\/index.php\/wp-json\/wp\/v2\/users\/1"}],"replies":[{"embeddable":true,"href":"https:\/\/tacpackambalaj.com\/index.php\/wp-json\/wp\/v2\/comments?post=253"}],"version-history":[{"count":11,"href":"https:\/\/tacpackambalaj.com\/index.php\/wp-json\/wp\/v2\/pages\/253\/revisions"}],"predecessor-version":[{"id":409,"href":"https:\/\/tacpackambalaj.com\/index.php\/wp-json\/wp\/v2\/pages\/253\/revisions\/409"}],"wp:attachment":[{"href":"https:\/\/tacpackambalaj.com\/index.php\/wp-json\/wp\/v2\/media?parent=253"}],"curies":[{"name":"wp","href":"https:\/\/api.w.org\/{rel}","templated":true}]}}