{"id":254,"date":"2025-12-12T02:25:05","date_gmt":"2025-12-11T23:25:05","guid":{"rendered":"https:\/\/tacpackambalaj.com\/?page_id=254"},"modified":"2025-12-12T05:13:51","modified_gmt":"2025-12-12T02:13:51","slug":"kasa-kutusu","status":"publish","type":"page","link":"https:\/\/tacpackambalaj.com\/index.php\/kasa-kutusu\/","title":{"rendered":"KASA KUTUSU"},"content":{"rendered":"\n<p>Sebze ve meyve ta\u015f\u0131mac\u0131l\u0131\u011f\u0131 i\u00e7in tasarlanan kasa kutular\u0131, hava ge\u00e7irgen yap\u0131lar\u0131yla \u00fcr\u00fcnlerin tazeli\u011fini korumas\u0131na yard\u0131mc\u0131 olur. Dayan\u0131kl\u0131 formu sayesinde \u00fcr\u00fcnlerin ezilmesini \u00f6nler ve raf \u00f6mr\u00fcn\u00fcn uzamas\u0131na katk\u0131 sa\u011flar. Elle ya da makineyle kolayca kurulabilen modelleriyle farkl\u0131 \u00fcretim hatlar\u0131na uyum sa\u011flar.<\/p>\n\n\n\n<figure class=\"wp-block-image size-large is-resized\"><img fetchpriority=\"high\" decoding=\"async\" width=\"1024\" height=\"645\" src=\"https:\/\/tacpackambalaj.com\/wp-content\/uploads\/2025\/12\/kasa-kutu-1024x645.png\" alt=\"\" class=\"wp-image-411\" style=\"aspect-ratio:1.587620341385624;width:621px;height:auto\" srcset=\"https:\/\/tacpackambalaj.com\/wp-content\/uploads\/2025\/12\/kasa-kutu-1024x645.png 1024w, https:\/\/tacpackambalaj.com\/wp-content\/uploads\/2025\/12\/kasa-kutu-300x189.png 300w, https:\/\/tacpackambalaj.com\/wp-content\/uploads\/2025\/12\/kasa-kutu-768x484.png 768w, https:\/\/tacpackambalaj.com\/wp-content\/uploads\/2025\/12\/kasa-kutu-1536x967.png 1536w, https:\/\/tacpackambalaj.com\/wp-content\/uploads\/2025\/12\/kasa-kutu-2048x1289.png 2048w\" sizes=\"(max-width: 1024px) 100vw, 1024px\" \/><\/figure>\n\n\n\n<p><\/p>\n","protected":false},"excerpt":{"rendered":"<p>Sebze ve meyve ta\u015f\u0131mac\u0131l\u0131\u011f\u0131 i\u00e7in tasarlanan kasa kutular\u0131, hava ge\u00e7irgen yap\u0131lar\u0131yla \u00fcr\u00fcnlerin tazeli\u011fini korumas\u0131na yard\u0131mc\u0131 olur. Dayan\u0131kl\u0131 formu sayesinde \u00fcr\u00fcnlerin ezilmesini \u00f6nler ve raf \u00f6mr\u00fcn\u00fcn uzamas\u0131na katk\u0131 sa\u011flar. Elle ya da makineyle kolayca kurulabilen modelleriyle farkl\u0131 \u00fcretim hatlar\u0131na uyum sa\u011flar.<\/p>\n","protected":false},"author":1,"featured_media":0,"parent":0,"menu_order":0,"comment_status":"closed","ping_status":"closed","template":"","meta":{"om_disable_all_campaigns":false,"_monsterinsights_skip_tracking":false,"_monsterinsights_sitenote_active":false,"_monsterinsights_sitenote_note":"","_monsterinsights_sitenote_category":0,"footnotes":""},"class_list":["post-254","page","type-page","status-publish","hentry"],"aioseo_notices":[],"_links":{"self":[{"href":"https:\/\/tacpackambalaj.com\/index.php\/wp-json\/wp\/v2\/pages\/254","targetHints":{"allow":["GET"]}}],"collection":[{"href":"https:\/\/tacpackambalaj.com\/index.php\/wp-json\/wp\/v2\/pages"}],"about":[{"href":"https:\/\/tacpackambalaj.com\/index.php\/wp-json\/wp\/v2\/types\/page"}],"author":[{"embeddable":true,"href":"https:\/\/tacpackambalaj.com\/index.php\/wp-json\/wp\/v2\/users\/1"}],"replies":[{"embeddable":true,"href":"https:\/\/tacpackambalaj.com\/index.php\/wp-json\/wp\/v2\/comments?post=254"}],"version-history":[{"count":3,"href":"https:\/\/tacpackambalaj.com\/index.php\/wp-json\/wp\/v2\/pages\/254\/revisions"}],"predecessor-version":[{"id":412,"href":"https:\/\/tacpackambalaj.com\/index.php\/wp-json\/wp\/v2\/pages\/254\/revisions\/412"}],"wp:attachment":[{"href":"https:\/\/tacpackambalaj.com\/index.php\/wp-json\/wp\/v2\/media?parent=254"}],"curies":[{"name":"wp","href":"https:\/\/api.w.org\/{rel}","templated":true}]}}