{"id":255,"date":"2025-12-12T02:25:05","date_gmt":"2025-12-11T23:25:05","guid":{"rendered":"https:\/\/tacpackambalaj.com\/?page_id=255"},"modified":"2025-12-12T03:33:57","modified_gmt":"2025-12-12T00:33:57","slug":"ozel-kesim-kutu","status":"publish","type":"page","link":"https:\/\/tacpackambalaj.com\/index.php\/ozel-kesim-kutu\/","title":{"rendered":"\u00d6ZEL KES\u0130M KUTU"},"content":{"rendered":"\n<p>\u00d6zel kesim kutular, markalar\u0131n ihtiya\u00e7lar\u0131na g\u00f6re tamamen \u00f6zelle\u015ftirilebilir yap\u0131da \u00fcretilir. Farkl\u0131 \u00f6l\u00e7\u00fcler, kesim teknikleri ve bask\u0131 se\u00e7enekleri ile hem koruyucu hem de estetik bir ambalaj \u00e7\u00f6z\u00fcmd\u00fcr. \u00dcr\u00fcnlerin ta\u015f\u0131nmas\u0131, sergilenmesi veya hediye paketlenmesi gibi bir\u00e7ok kullan\u0131m senaryosuna uyarlanabilir.<\/p>\n","protected":false},"excerpt":{"rendered":"<p>\u00d6zel kesim kutular, markalar\u0131n ihtiya\u00e7lar\u0131na g\u00f6re tamamen \u00f6zelle\u015ftirilebilir yap\u0131da \u00fcretilir. Farkl\u0131 \u00f6l\u00e7\u00fcler, kesim teknikleri ve bask\u0131 se\u00e7enekleri ile hem koruyucu hem de estetik bir ambalaj \u00e7\u00f6z\u00fcmd\u00fcr. \u00dcr\u00fcnlerin ta\u015f\u0131nmas\u0131, sergilenmesi veya hediye paketlenmesi gibi bir\u00e7ok kullan\u0131m senaryosuna uyarlanabilir.<\/p>\n","protected":false},"author":1,"featured_media":0,"parent":0,"menu_order":0,"comment_status":"closed","ping_status":"closed","template":"","meta":{"om_disable_all_campaigns":false,"_monsterinsights_skip_tracking":false,"_monsterinsights_sitenote_active":false,"_monsterinsights_sitenote_note":"","_monsterinsights_sitenote_category":0,"footnotes":""},"class_list":["post-255","page","type-page","status-publish","hentry"],"aioseo_notices":[],"_links":{"self":[{"href":"https:\/\/tacpackambalaj.com\/index.php\/wp-json\/wp\/v2\/pages\/255","targetHints":{"allow":["GET"]}}],"collection":[{"href":"https:\/\/tacpackambalaj.com\/index.php\/wp-json\/wp\/v2\/pages"}],"about":[{"href":"https:\/\/tacpackambalaj.com\/index.php\/wp-json\/wp\/v2\/types\/page"}],"author":[{"embeddable":true,"href":"https:\/\/tacpackambalaj.com\/index.php\/wp-json\/wp\/v2\/users\/1"}],"replies":[{"embeddable":true,"href":"https:\/\/tacpackambalaj.com\/index.php\/wp-json\/wp\/v2\/comments?post=255"}],"version-history":[{"count":2,"href":"https:\/\/tacpackambalaj.com\/index.php\/wp-json\/wp\/v2\/pages\/255\/revisions"}],"predecessor-version":[{"id":379,"href":"https:\/\/tacpackambalaj.com\/index.php\/wp-json\/wp\/v2\/pages\/255\/revisions\/379"}],"wp:attachment":[{"href":"https:\/\/tacpackambalaj.com\/index.php\/wp-json\/wp\/v2\/media?parent=255"}],"curies":[{"name":"wp","href":"https:\/\/api.w.org\/{rel}","templated":true}]}}