{"id":256,"date":"2025-12-12T02:25:05","date_gmt":"2025-12-11T23:25:05","guid":{"rendered":"https:\/\/tacpackambalaj.com\/?page_id=256"},"modified":"2025-12-12T03:36:52","modified_gmt":"2025-12-12T00:36:52","slug":"palet-sapkasi","status":"publish","type":"page","link":"https:\/\/tacpackambalaj.com\/index.php\/palet-sapkasi\/","title":{"rendered":"PALET \u015eAPKASI"},"content":{"rendered":"\n<p>Palet \u015fapkalar\u0131, palet \u00fczerinde ta\u015f\u0131nan \u00fcr\u00fcnlerin \u00fcst b\u00f6l\u00fcm\u00fcn\u00fc korumak i\u00e7in tasarlanm\u0131\u015f d\u00fcz kartonlard\u0131r. Depolama ve ta\u015f\u0131ma esnas\u0131nda d\u0131\u015f etkenlere kar\u015f\u0131 ek bir g\u00fcvenlik sa\u011flar.<br>Hafif fakat sa\u011flam yap\u0131s\u0131 sayesinde farkl\u0131 sekt\u00f6rlerde kullan\u0131lmaya uygundur.<\/p>\n","protected":false},"excerpt":{"rendered":"<p>Palet \u015fapkalar\u0131, palet \u00fczerinde ta\u015f\u0131nan \u00fcr\u00fcnlerin \u00fcst b\u00f6l\u00fcm\u00fcn\u00fc korumak i\u00e7in tasarlanm\u0131\u015f d\u00fcz kartonlard\u0131r. Depolama ve ta\u015f\u0131ma esnas\u0131nda d\u0131\u015f etkenlere kar\u015f\u0131 ek bir g\u00fcvenlik sa\u011flar.Hafif fakat sa\u011flam yap\u0131s\u0131 sayesinde farkl\u0131 sekt\u00f6rlerde kullan\u0131lmaya uygundur.<\/p>\n","protected":false},"author":1,"featured_media":0,"parent":0,"menu_order":0,"comment_status":"closed","ping_status":"closed","template":"","meta":{"om_disable_all_campaigns":false,"_monsterinsights_skip_tracking":false,"_monsterinsights_sitenote_active":false,"_monsterinsights_sitenote_note":"","_monsterinsights_sitenote_category":0,"footnotes":""},"class_list":["post-256","page","type-page","status-publish","hentry"],"aioseo_notices":[],"_links":{"self":[{"href":"https:\/\/tacpackambalaj.com\/index.php\/wp-json\/wp\/v2\/pages\/256","targetHints":{"allow":["GET"]}}],"collection":[{"href":"https:\/\/tacpackambalaj.com\/index.php\/wp-json\/wp\/v2\/pages"}],"about":[{"href":"https:\/\/tacpackambalaj.com\/index.php\/wp-json\/wp\/v2\/types\/page"}],"author":[{"embeddable":true,"href":"https:\/\/tacpackambalaj.com\/index.php\/wp-json\/wp\/v2\/users\/1"}],"replies":[{"embeddable":true,"href":"https:\/\/tacpackambalaj.com\/index.php\/wp-json\/wp\/v2\/comments?post=256"}],"version-history":[{"count":2,"href":"https:\/\/tacpackambalaj.com\/index.php\/wp-json\/wp\/v2\/pages\/256\/revisions"}],"predecessor-version":[{"id":381,"href":"https:\/\/tacpackambalaj.com\/index.php\/wp-json\/wp\/v2\/pages\/256\/revisions\/381"}],"wp:attachment":[{"href":"https:\/\/tacpackambalaj.com\/index.php\/wp-json\/wp\/v2\/media?parent=256"}],"curies":[{"name":"wp","href":"https:\/\/api.w.org\/{rel}","templated":true}]}}