{"id":257,"date":"2025-12-12T02:25:05","date_gmt":"2025-12-11T23:25:05","guid":{"rendered":"https:\/\/tacpackambalaj.com\/?page_id=257"},"modified":"2025-12-12T03:38:31","modified_gmt":"2025-12-12T00:38:31","slug":"pizza-kutusu","status":"publish","type":"page","link":"https:\/\/tacpackambalaj.com\/index.php\/pizza-kutusu\/","title":{"rendered":"P\u0130ZZA KUTUSU"},"content":{"rendered":"\n<p>Pizza kutular\u0131, restoran ve paket servis i\u015fletmelerinin s\u0131cak ve hijyenik teslimat yapabilmesi i\u00e7in \u00f6zel olarak \u00fcretilir. Oluklu yap\u0131s\u0131 sayesinde \u0131s\u0131y\u0131 muhafaza eder, ta\u015f\u0131ma s\u0131ras\u0131nda deformasyonu azalt\u0131r.<br>Farkl\u0131 boyut ve bask\u0131 se\u00e7enekleri ile markalar\u0131n ihtiya\u00e7lar\u0131na g\u00f6re uyarlanabilir.<\/p>\n","protected":false},"excerpt":{"rendered":"<p>Pizza kutular\u0131, restoran ve paket servis i\u015fletmelerinin s\u0131cak ve hijyenik teslimat yapabilmesi i\u00e7in \u00f6zel olarak \u00fcretilir. Oluklu yap\u0131s\u0131 sayesinde \u0131s\u0131y\u0131 muhafaza eder, ta\u015f\u0131ma s\u0131ras\u0131nda deformasyonu azalt\u0131r.Farkl\u0131 boyut ve bask\u0131 se\u00e7enekleri ile markalar\u0131n ihtiya\u00e7lar\u0131na g\u00f6re uyarlanabilir.<\/p>\n","protected":false},"author":1,"featured_media":0,"parent":0,"menu_order":0,"comment_status":"closed","ping_status":"closed","template":"","meta":{"om_disable_all_campaigns":false,"_monsterinsights_skip_tracking":false,"_monsterinsights_sitenote_active":false,"_monsterinsights_sitenote_note":"","_monsterinsights_sitenote_category":0,"footnotes":""},"class_list":["post-257","page","type-page","status-publish","hentry"],"aioseo_notices":[],"_links":{"self":[{"href":"https:\/\/tacpackambalaj.com\/index.php\/wp-json\/wp\/v2\/pages\/257","targetHints":{"allow":["GET"]}}],"collection":[{"href":"https:\/\/tacpackambalaj.com\/index.php\/wp-json\/wp\/v2\/pages"}],"about":[{"href":"https:\/\/tacpackambalaj.com\/index.php\/wp-json\/wp\/v2\/types\/page"}],"author":[{"embeddable":true,"href":"https:\/\/tacpackambalaj.com\/index.php\/wp-json\/wp\/v2\/users\/1"}],"replies":[{"embeddable":true,"href":"https:\/\/tacpackambalaj.com\/index.php\/wp-json\/wp\/v2\/comments?post=257"}],"version-history":[{"count":2,"href":"https:\/\/tacpackambalaj.com\/index.php\/wp-json\/wp\/v2\/pages\/257\/revisions"}],"predecessor-version":[{"id":383,"href":"https:\/\/tacpackambalaj.com\/index.php\/wp-json\/wp\/v2\/pages\/257\/revisions\/383"}],"wp:attachment":[{"href":"https:\/\/tacpackambalaj.com\/index.php\/wp-json\/wp\/v2\/media?parent=257"}],"curies":[{"name":"wp","href":"https:\/\/api.w.org\/{rel}","templated":true}]}}