{"id":258,"date":"2025-12-12T02:25:05","date_gmt":"2025-12-11T23:25:05","guid":{"rendered":"https:\/\/tacpackambalaj.com\/?page_id=258"},"modified":"2025-12-12T03:45:08","modified_gmt":"2025-12-12T00:45:08","slug":"viyoller","status":"publish","type":"page","link":"https:\/\/tacpackambalaj.com\/index.php\/viyoller\/","title":{"rendered":"V\u0130YOLLER"},"content":{"rendered":"\n<p>Viyol ve seperat\u00f6r sistemleri, hassas \u00fcr\u00fcnlerin kutu i\u00e7erisinde birbirine temas etmeden g\u00fcvenle ta\u015f\u0131nmas\u0131n\u0131 sa\u011flar. \u00dcr\u00fcn \u00f6l\u00e7\u00fclerine g\u00f6re haz\u0131rlanan b\u00f6lmeli yap\u0131lar\u0131, darbe riskini azalt\u0131r ve d\u00fczenli bir paketleme deneyimi sunar. Cam, kozmetik, g\u0131da ve bir\u00e7ok end\u00fcstriyel \u00fcr\u00fcn i\u00e7in etkili bir koruma \u00e7\u00f6z\u00fcmd\u00fcr.<\/p>\n","protected":false},"excerpt":{"rendered":"<p>Viyol ve seperat\u00f6r sistemleri, hassas \u00fcr\u00fcnlerin kutu i\u00e7erisinde birbirine temas etmeden g\u00fcvenle ta\u015f\u0131nmas\u0131n\u0131 sa\u011flar. \u00dcr\u00fcn \u00f6l\u00e7\u00fclerine g\u00f6re haz\u0131rlanan b\u00f6lmeli yap\u0131lar\u0131, darbe riskini azalt\u0131r ve d\u00fczenli bir paketleme deneyimi sunar. Cam, kozmetik, g\u0131da ve bir\u00e7ok end\u00fcstriyel \u00fcr\u00fcn i\u00e7in etkili bir koruma \u00e7\u00f6z\u00fcmd\u00fcr.<\/p>\n","protected":false},"author":1,"featured_media":0,"parent":0,"menu_order":0,"comment_status":"closed","ping_status":"closed","template":"","meta":{"om_disable_all_campaigns":false,"_monsterinsights_skip_tracking":false,"_monsterinsights_sitenote_active":false,"_monsterinsights_sitenote_note":"","_monsterinsights_sitenote_category":0,"footnotes":""},"class_list":["post-258","page","type-page","status-publish","hentry"],"aioseo_notices":[],"_links":{"self":[{"href":"https:\/\/tacpackambalaj.com\/index.php\/wp-json\/wp\/v2\/pages\/258","targetHints":{"allow":["GET"]}}],"collection":[{"href":"https:\/\/tacpackambalaj.com\/index.php\/wp-json\/wp\/v2\/pages"}],"about":[{"href":"https:\/\/tacpackambalaj.com\/index.php\/wp-json\/wp\/v2\/types\/page"}],"author":[{"embeddable":true,"href":"https:\/\/tacpackambalaj.com\/index.php\/wp-json\/wp\/v2\/users\/1"}],"replies":[{"embeddable":true,"href":"https:\/\/tacpackambalaj.com\/index.php\/wp-json\/wp\/v2\/comments?post=258"}],"version-history":[{"count":2,"href":"https:\/\/tacpackambalaj.com\/index.php\/wp-json\/wp\/v2\/pages\/258\/revisions"}],"predecessor-version":[{"id":390,"href":"https:\/\/tacpackambalaj.com\/index.php\/wp-json\/wp\/v2\/pages\/258\/revisions\/390"}],"wp:attachment":[{"href":"https:\/\/tacpackambalaj.com\/index.php\/wp-json\/wp\/v2\/media?parent=258"}],"curies":[{"name":"wp","href":"https:\/\/api.w.org\/{rel}","templated":true}]}}