{"id":261,"date":"2025-12-12T02:25:05","date_gmt":"2025-12-11T23:25:05","guid":{"rendered":"https:\/\/tacpackambalaj.com\/?page_id=261"},"modified":"2025-12-12T03:39:57","modified_gmt":"2025-12-12T00:39:57","slug":"plastik-kosebent","status":"publish","type":"page","link":"https:\/\/tacpackambalaj.com\/index.php\/plastik-kosebent\/","title":{"rendered":"PLAST\u0130K K\u00d6\u015eEBENT"},"content":{"rendered":"\n<p>Plastik k\u00f6\u015febentler, \u00f6zellikle \u00e7emberleme yap\u0131lan \u00fcr\u00fcnlerde olu\u015fabilecek s\u0131k\u0131\u015ft\u0131rma, ezilme veya deformasyon riskini azaltmak i\u00e7in kullan\u0131lan koruyucu aparatlara sahiptir. Esnek ve sa\u011flam yap\u0131lar\u0131 sayesinde y\u00fck da\u011f\u0131l\u0131m\u0131n\u0131 dengeler, \u00fcr\u00fcn y\u00fczeyinin zarar g\u00f6rmesini \u00f6nler.<br>So\u011fuk hava depolar\u0131 dahil farkl\u0131 s\u0131cakl\u0131k ko\u015fullar\u0131na dayan\u0131kl\u0131 olmalar\u0131, plastik k\u00f6\u015febentleri g\u0131da, metal, ah\u015fap, tekstil ve lojistik sekt\u00f6rlerinde tercih edilen g\u00fcvenilir bir koruma \u00e7\u00f6z\u00fcm\u00fcne d\u00f6n\u00fc\u015ft\u00fcr\u00fcr.<br>Paketleme s\u00fcre\u00e7lerinin daha d\u00fczenli, temiz ve g\u00fcvenli hale gelmesine yard\u0131mc\u0131 olur.<\/p>\n","protected":false},"excerpt":{"rendered":"<p>Plastik k\u00f6\u015febentler, \u00f6zellikle \u00e7emberleme yap\u0131lan \u00fcr\u00fcnlerde olu\u015fabilecek s\u0131k\u0131\u015ft\u0131rma, ezilme veya deformasyon riskini azaltmak i\u00e7in kullan\u0131lan koruyucu aparatlara sahiptir. Esnek ve sa\u011flam yap\u0131lar\u0131 sayesinde y\u00fck da\u011f\u0131l\u0131m\u0131n\u0131 dengeler, \u00fcr\u00fcn y\u00fczeyinin zarar g\u00f6rmesini \u00f6nler.So\u011fuk hava depolar\u0131 dahil farkl\u0131 s\u0131cakl\u0131k ko\u015fullar\u0131na dayan\u0131kl\u0131 olmalar\u0131, plastik k\u00f6\u015febentleri g\u0131da, metal, ah\u015fap, tekstil ve lojistik sekt\u00f6rlerinde tercih edilen g\u00fcvenilir bir koruma \u00e7\u00f6z\u00fcm\u00fcne d\u00f6n\u00fc\u015ft\u00fcr\u00fcr.Paketleme [&hellip;]<\/p>\n","protected":false},"author":1,"featured_media":0,"parent":0,"menu_order":0,"comment_status":"closed","ping_status":"closed","template":"","meta":{"om_disable_all_campaigns":false,"_monsterinsights_skip_tracking":false,"_monsterinsights_sitenote_active":false,"_monsterinsights_sitenote_note":"","_monsterinsights_sitenote_category":0,"footnotes":""},"class_list":["post-261","page","type-page","status-publish","hentry"],"aioseo_notices":[],"_links":{"self":[{"href":"https:\/\/tacpackambalaj.com\/index.php\/wp-json\/wp\/v2\/pages\/261","targetHints":{"allow":["GET"]}}],"collection":[{"href":"https:\/\/tacpackambalaj.com\/index.php\/wp-json\/wp\/v2\/pages"}],"about":[{"href":"https:\/\/tacpackambalaj.com\/index.php\/wp-json\/wp\/v2\/types\/page"}],"author":[{"embeddable":true,"href":"https:\/\/tacpackambalaj.com\/index.php\/wp-json\/wp\/v2\/users\/1"}],"replies":[{"embeddable":true,"href":"https:\/\/tacpackambalaj.com\/index.php\/wp-json\/wp\/v2\/comments?post=261"}],"version-history":[{"count":2,"href":"https:\/\/tacpackambalaj.com\/index.php\/wp-json\/wp\/v2\/pages\/261\/revisions"}],"predecessor-version":[{"id":384,"href":"https:\/\/tacpackambalaj.com\/index.php\/wp-json\/wp\/v2\/pages\/261\/revisions\/384"}],"wp:attachment":[{"href":"https:\/\/tacpackambalaj.com\/index.php\/wp-json\/wp\/v2\/media?parent=261"}],"curies":[{"name":"wp","href":"https:\/\/api.w.org\/{rel}","templated":true}]}}