{"id":262,"date":"2025-12-12T02:25:05","date_gmt":"2025-12-11T23:25:05","guid":{"rendered":"https:\/\/tacpackambalaj.com\/?page_id=262"},"modified":"2025-12-12T03:21:52","modified_gmt":"2025-12-12T00:21:52","slug":"a-box-koliler","status":"publish","type":"page","link":"https:\/\/tacpackambalaj.com\/index.php\/a-box-koliler\/","title":{"rendered":"A BOX KOL\u0130LER"},"content":{"rendered":"\n<p>A Box koliler, seri \u00fcretim yapan i\u015fletmelerin en s\u0131k tercih etti\u011fi ambalaj \u00e7\u00f6z\u00fcmlerinden biridir. Hafif ama dayan\u0131kl\u0131 yap\u0131lar\u0131 sayesinde \u00fcr\u00fcnlerin g\u00fcvenli \u015fekilde ta\u015f\u0131nmas\u0131n\u0131 ve depolanmas\u0131n\u0131 sa\u011flar. Standart \u00f6l\u00e7\u00fclere uygun \u00fcretim yap\u0131s\u0131, farkl\u0131 sekt\u00f6rlerde y\u00fcksek verimlilik sunar. Nakliye s\u00fcre\u00e7lerinde yer tasarrufu sa\u011flamas\u0131yla hem maliyetleri d\u00fc\u015f\u00fcr\u00fcr hem de operasyonel ak\u0131\u015f\u0131 h\u0131zland\u0131r\u0131r.<\/p>\n","protected":false},"excerpt":{"rendered":"<p>A Box koliler, seri \u00fcretim yapan i\u015fletmelerin en s\u0131k tercih etti\u011fi ambalaj \u00e7\u00f6z\u00fcmlerinden biridir. Hafif ama dayan\u0131kl\u0131 yap\u0131lar\u0131 sayesinde \u00fcr\u00fcnlerin g\u00fcvenli \u015fekilde ta\u015f\u0131nmas\u0131n\u0131 ve depolanmas\u0131n\u0131 sa\u011flar. Standart \u00f6l\u00e7\u00fclere uygun \u00fcretim yap\u0131s\u0131, farkl\u0131 sekt\u00f6rlerde y\u00fcksek verimlilik sunar. Nakliye s\u00fcre\u00e7lerinde yer tasarrufu sa\u011flamas\u0131yla hem maliyetleri d\u00fc\u015f\u00fcr\u00fcr hem de operasyonel ak\u0131\u015f\u0131 h\u0131zland\u0131r\u0131r.<\/p>\n","protected":false},"author":1,"featured_media":0,"parent":0,"menu_order":0,"comment_status":"closed","ping_status":"closed","template":"","meta":{"om_disable_all_campaigns":false,"_monsterinsights_skip_tracking":false,"_monsterinsights_sitenote_active":false,"_monsterinsights_sitenote_note":"","_monsterinsights_sitenote_category":0,"footnotes":""},"class_list":["post-262","page","type-page","status-publish","hentry"],"aioseo_notices":[],"_links":{"self":[{"href":"https:\/\/tacpackambalaj.com\/index.php\/wp-json\/wp\/v2\/pages\/262","targetHints":{"allow":["GET"]}}],"collection":[{"href":"https:\/\/tacpackambalaj.com\/index.php\/wp-json\/wp\/v2\/pages"}],"about":[{"href":"https:\/\/tacpackambalaj.com\/index.php\/wp-json\/wp\/v2\/types\/page"}],"author":[{"embeddable":true,"href":"https:\/\/tacpackambalaj.com\/index.php\/wp-json\/wp\/v2\/users\/1"}],"replies":[{"embeddable":true,"href":"https:\/\/tacpackambalaj.com\/index.php\/wp-json\/wp\/v2\/comments?post=262"}],"version-history":[{"count":2,"href":"https:\/\/tacpackambalaj.com\/index.php\/wp-json\/wp\/v2\/pages\/262\/revisions"}],"predecessor-version":[{"id":364,"href":"https:\/\/tacpackambalaj.com\/index.php\/wp-json\/wp\/v2\/pages\/262\/revisions\/364"}],"wp:attachment":[{"href":"https:\/\/tacpackambalaj.com\/index.php\/wp-json\/wp\/v2\/media?parent=262"}],"curies":[{"name":"wp","href":"https:\/\/api.w.org\/{rel}","templated":true}]}}