{"id":263,"date":"2025-12-12T02:25:05","date_gmt":"2025-12-11T23:25:05","guid":{"rendered":"https:\/\/tacpackambalaj.com\/?page_id=263"},"modified":"2025-12-12T03:25:37","modified_gmt":"2025-12-12T00:25:37","slug":"hizli-tuketim-grubu","status":"publish","type":"page","link":"https:\/\/tacpackambalaj.com\/index.php\/hizli-tuketim-grubu\/","title":{"rendered":"HIZLI T\u00dcKET\u0130M GRUBU"},"content":{"rendered":"\n<p>H\u0131zl\u0131 t\u00fcketim \u00fcr\u00fcnlerine \u00f6zel olarak tasarlanan bu ambalaj \u00e7\u00f6z\u00fcmleri, hem hijyen hem de dayan\u0131kl\u0131l\u0131k a\u00e7\u0131s\u0131ndan y\u00fcksek kalite standartlar\u0131n\u0131 kar\u015f\u0131lar. G\u0131dan\u0131n \u00fcretimden t\u00fcketiciye ula\u015fana kadar bozulmadan korunmas\u0131 i\u00e7in yap\u0131land\u0131r\u0131lan kutular, farkl\u0131 tasar\u0131m ve bask\u0131 se\u00e7enekleriyle markalar\u0131n pazarlama ihtiya\u00e7lar\u0131n\u0131 da destekler. Pratik kullan\u0131m sunmas\u0131 ve \u00e7evre dostu malzeme se\u00e7enekleri ile fast food, paket servis ve market gruplar\u0131nda yayg\u0131n \u015fekilde tercih edilir.<\/p>\n","protected":false},"excerpt":{"rendered":"<p>H\u0131zl\u0131 t\u00fcketim \u00fcr\u00fcnlerine \u00f6zel olarak tasarlanan bu ambalaj \u00e7\u00f6z\u00fcmleri, hem hijyen hem de dayan\u0131kl\u0131l\u0131k a\u00e7\u0131s\u0131ndan y\u00fcksek kalite standartlar\u0131n\u0131 kar\u015f\u0131lar. G\u0131dan\u0131n \u00fcretimden t\u00fcketiciye ula\u015fana kadar bozulmadan korunmas\u0131 i\u00e7in yap\u0131land\u0131r\u0131lan kutular, farkl\u0131 tasar\u0131m ve bask\u0131 se\u00e7enekleriyle markalar\u0131n pazarlama ihtiya\u00e7lar\u0131n\u0131 da destekler. Pratik kullan\u0131m sunmas\u0131 ve \u00e7evre dostu malzeme se\u00e7enekleri ile fast food, paket servis ve market gruplar\u0131nda [&hellip;]<\/p>\n","protected":false},"author":1,"featured_media":0,"parent":0,"menu_order":0,"comment_status":"closed","ping_status":"closed","template":"","meta":{"om_disable_all_campaigns":false,"_monsterinsights_skip_tracking":false,"_monsterinsights_sitenote_active":false,"_monsterinsights_sitenote_note":"","_monsterinsights_sitenote_category":0,"footnotes":""},"class_list":["post-263","page","type-page","status-publish","hentry"],"aioseo_notices":[],"_links":{"self":[{"href":"https:\/\/tacpackambalaj.com\/index.php\/wp-json\/wp\/v2\/pages\/263","targetHints":{"allow":["GET"]}}],"collection":[{"href":"https:\/\/tacpackambalaj.com\/index.php\/wp-json\/wp\/v2\/pages"}],"about":[{"href":"https:\/\/tacpackambalaj.com\/index.php\/wp-json\/wp\/v2\/types\/page"}],"author":[{"embeddable":true,"href":"https:\/\/tacpackambalaj.com\/index.php\/wp-json\/wp\/v2\/users\/1"}],"replies":[{"embeddable":true,"href":"https:\/\/tacpackambalaj.com\/index.php\/wp-json\/wp\/v2\/comments?post=263"}],"version-history":[{"count":2,"href":"https:\/\/tacpackambalaj.com\/index.php\/wp-json\/wp\/v2\/pages\/263\/revisions"}],"predecessor-version":[{"id":369,"href":"https:\/\/tacpackambalaj.com\/index.php\/wp-json\/wp\/v2\/pages\/263\/revisions\/369"}],"wp:attachment":[{"href":"https:\/\/tacpackambalaj.com\/index.php\/wp-json\/wp\/v2\/media?parent=263"}],"curies":[{"name":"wp","href":"https:\/\/api.w.org\/{rel}","templated":true}]}}