{"id":264,"date":"2025-12-12T02:25:05","date_gmt":"2025-12-11T23:25:05","guid":{"rendered":"https:\/\/tacpackambalaj.com\/?page_id=264"},"modified":"2025-12-12T03:28:33","modified_gmt":"2025-12-12T00:28:33","slug":"kasa-kutular","status":"publish","type":"page","link":"https:\/\/tacpackambalaj.com\/index.php\/kasa-kutular\/","title":{"rendered":"KASA KUTULAR"},"content":{"rendered":"\n<p>Kasa kutular, \u00f6zellikle sebze ve meyve gibi hassas g\u0131da \u00fcr\u00fcnlerinin ta\u015f\u0131nmas\u0131 i\u00e7in geli\u015ftirilmi\u015f \u00f6zel ambalajlard\u0131r. Hava alabilir yap\u0131s\u0131 sayesinde i\u00e7erideki \u00fcr\u00fcnlerin tazeli\u011fini korur, deformasyon ve \u00e7\u00fcr\u00fcome riskini azalt\u0131r. Farkl\u0131 model se\u00e7enekleri (makine katlamal\u0131, elle kurulan, k\u00f6\u015fe takozlu) sayesinde \u00fcretim bantlar\u0131na kolay uyum sa\u011flar. Hem te\u015fhir hem ta\u015f\u0131ma i\u00e7in kullan\u0131lan bu kutular, raf \u00f6mr\u00fcn\u00fc uzatmas\u0131yla tercih edilir.<\/p>\n","protected":false},"excerpt":{"rendered":"<p>Kasa kutular, \u00f6zellikle sebze ve meyve gibi hassas g\u0131da \u00fcr\u00fcnlerinin ta\u015f\u0131nmas\u0131 i\u00e7in geli\u015ftirilmi\u015f \u00f6zel ambalajlard\u0131r. Hava alabilir yap\u0131s\u0131 sayesinde i\u00e7erideki \u00fcr\u00fcnlerin tazeli\u011fini korur, deformasyon ve \u00e7\u00fcr\u00fcome riskini azalt\u0131r. Farkl\u0131 model se\u00e7enekleri (makine katlamal\u0131, elle kurulan, k\u00f6\u015fe takozlu) sayesinde \u00fcretim bantlar\u0131na kolay uyum sa\u011flar. Hem te\u015fhir hem ta\u015f\u0131ma i\u00e7in kullan\u0131lan bu kutular, raf \u00f6mr\u00fcn\u00fc uzatmas\u0131yla tercih [&hellip;]<\/p>\n","protected":false},"author":1,"featured_media":0,"parent":0,"menu_order":0,"comment_status":"closed","ping_status":"closed","template":"","meta":{"om_disable_all_campaigns":false,"_monsterinsights_skip_tracking":false,"_monsterinsights_sitenote_active":false,"_monsterinsights_sitenote_note":"","_monsterinsights_sitenote_category":0,"footnotes":""},"class_list":["post-264","page","type-page","status-publish","hentry"],"aioseo_notices":[],"_links":{"self":[{"href":"https:\/\/tacpackambalaj.com\/index.php\/wp-json\/wp\/v2\/pages\/264","targetHints":{"allow":["GET"]}}],"collection":[{"href":"https:\/\/tacpackambalaj.com\/index.php\/wp-json\/wp\/v2\/pages"}],"about":[{"href":"https:\/\/tacpackambalaj.com\/index.php\/wp-json\/wp\/v2\/types\/page"}],"author":[{"embeddable":true,"href":"https:\/\/tacpackambalaj.com\/index.php\/wp-json\/wp\/v2\/users\/1"}],"replies":[{"embeddable":true,"href":"https:\/\/tacpackambalaj.com\/index.php\/wp-json\/wp\/v2\/comments?post=264"}],"version-history":[{"count":2,"href":"https:\/\/tacpackambalaj.com\/index.php\/wp-json\/wp\/v2\/pages\/264\/revisions"}],"predecessor-version":[{"id":373,"href":"https:\/\/tacpackambalaj.com\/index.php\/wp-json\/wp\/v2\/pages\/264\/revisions\/373"}],"wp:attachment":[{"href":"https:\/\/tacpackambalaj.com\/index.php\/wp-json\/wp\/v2\/media?parent=264"}],"curies":[{"name":"wp","href":"https:\/\/api.w.org\/{rel}","templated":true}]}}