{"id":266,"date":"2025-12-12T02:25:05","date_gmt":"2025-12-11T23:25:05","guid":{"rendered":"https:\/\/tacpackambalaj.com\/?page_id=266"},"modified":"2025-12-12T03:37:39","modified_gmt":"2025-12-12T00:37:39","slug":"pizza-kutulari","status":"publish","type":"page","link":"https:\/\/tacpackambalaj.com\/index.php\/pizza-kutulari\/","title":{"rendered":"PIZZA KUTULARI"},"content":{"rendered":"\n<p>Pizza kutular\u0131, s\u0131cak g\u0131dalar\u0131n ta\u015f\u0131nmas\u0131 i\u00e7in \u00f6zel olarak geli\u015ftirilmi\u015f, \u0131s\u0131y\u0131 koruyabilen ve ya\u011f-nem dengesini do\u011fru \u015fekilde y\u00f6neten ambalaj \u00e7\u00f6z\u00fcmleridir.<br>Dayan\u0131kl\u0131 oluklu yap\u0131s\u0131 sayesinde ta\u015f\u0131mada deformasyonu \u00f6nler, bask\u0131 se\u00e7enekleriyle markalara g\u00fc\u00e7l\u00fc bir g\u00f6r\u00fcn\u00fcrl\u00fck sa\u011flar.<br>Restoranlar, paket servis i\u015fletmeleri ve zincir markalar i\u00e7in farkl\u0131 boyut ve tasar\u0131mda \u00fcretilebilir.<\/p>\n","protected":false},"excerpt":{"rendered":"<p>Pizza kutular\u0131, s\u0131cak g\u0131dalar\u0131n ta\u015f\u0131nmas\u0131 i\u00e7in \u00f6zel olarak geli\u015ftirilmi\u015f, \u0131s\u0131y\u0131 koruyabilen ve ya\u011f-nem dengesini do\u011fru \u015fekilde y\u00f6neten ambalaj \u00e7\u00f6z\u00fcmleridir.Dayan\u0131kl\u0131 oluklu yap\u0131s\u0131 sayesinde ta\u015f\u0131mada deformasyonu \u00f6nler, bask\u0131 se\u00e7enekleriyle markalara g\u00fc\u00e7l\u00fc bir g\u00f6r\u00fcn\u00fcrl\u00fck sa\u011flar.Restoranlar, paket servis i\u015fletmeleri ve zincir markalar i\u00e7in farkl\u0131 boyut ve tasar\u0131mda \u00fcretilebilir.<\/p>\n","protected":false},"author":1,"featured_media":0,"parent":0,"menu_order":0,"comment_status":"closed","ping_status":"closed","template":"","meta":{"om_disable_all_campaigns":false,"_monsterinsights_skip_tracking":false,"_monsterinsights_sitenote_active":false,"_monsterinsights_sitenote_note":"","_monsterinsights_sitenote_category":0,"footnotes":""},"class_list":["post-266","page","type-page","status-publish","hentry"],"aioseo_notices":[],"_links":{"self":[{"href":"https:\/\/tacpackambalaj.com\/index.php\/wp-json\/wp\/v2\/pages\/266","targetHints":{"allow":["GET"]}}],"collection":[{"href":"https:\/\/tacpackambalaj.com\/index.php\/wp-json\/wp\/v2\/pages"}],"about":[{"href":"https:\/\/tacpackambalaj.com\/index.php\/wp-json\/wp\/v2\/types\/page"}],"author":[{"embeddable":true,"href":"https:\/\/tacpackambalaj.com\/index.php\/wp-json\/wp\/v2\/users\/1"}],"replies":[{"embeddable":true,"href":"https:\/\/tacpackambalaj.com\/index.php\/wp-json\/wp\/v2\/comments?post=266"}],"version-history":[{"count":2,"href":"https:\/\/tacpackambalaj.com\/index.php\/wp-json\/wp\/v2\/pages\/266\/revisions"}],"predecessor-version":[{"id":382,"href":"https:\/\/tacpackambalaj.com\/index.php\/wp-json\/wp\/v2\/pages\/266\/revisions\/382"}],"wp:attachment":[{"href":"https:\/\/tacpackambalaj.com\/index.php\/wp-json\/wp\/v2\/media?parent=266"}],"curies":[{"name":"wp","href":"https:\/\/api.w.org\/{rel}","templated":true}]}}