{"id":267,"date":"2025-12-12T02:25:05","date_gmt":"2025-12-11T23:25:05","guid":{"rendered":"https:\/\/tacpackambalaj.com\/?page_id=267"},"modified":"2025-12-12T04:15:25","modified_gmt":"2025-12-12T01:15:25","slug":"yas-sebze-ve-meyve-grubu","status":"publish","type":"page","link":"https:\/\/tacpackambalaj.com\/index.php\/yas-sebze-ve-meyve-grubu\/","title":{"rendered":"YA\u015e SEBZE VE MEYVE GRUBU"},"content":{"rendered":"\n<p>Ya\u015f sebze ve meyve sekt\u00f6r\u00fcnde kullan\u0131lan kasa kenarlar\u0131, kasa ku\u015faklar\u0131, kasa ba\u015fl\u0131klar\u0131 ve k\u00f6\u015felikler; \u00fcr\u00fcnlerin ta\u015f\u0131nmas\u0131 ve te\u015fhir edilmesi s\u0131ras\u0131nda hem koruma sa\u011flar hem de markan\u0131n g\u00f6r\u00fcn\u00fcrl\u00fc\u011f\u00fcn\u00fc art\u0131r\u0131r. Ofset bask\u0131 tekni\u011fiyle y\u00fcksek \u00e7\u00f6z\u00fcn\u00fcrl\u00fckl\u00fc olarak \u00fcretilen bu ambalaj bile\u015fenleri, markan\u0131za \u00f6zel tasar\u0131mlarla \u00f6zelle\u015ftirilerek \u00fcr\u00fcnlerin raflarda daha dikkat \u00e7ekici bir \u015fekilde sergilenmesine yard\u0131mc\u0131 olur.<\/p>\n\n\n\n<p>G\u00fc\u00e7l\u00fc bask\u0131 kalitesi sayesinde marka mesaj\u0131n\u0131z net bi\u00e7imde \u00f6ne \u00e7\u0131kar, \u00fcr\u00fcn\u00fcn\u00fcz\u00fcn t\u00fcketici taraf\u0131ndan daha kolay fark edilmesini ve tercih edilme oran\u0131n\u0131n y\u00fckselmesini destekler. Hem lojistik s\u00fcre\u00e7lerinde dayan\u0131kl\u0131l\u0131k sa\u011flar hem de sat\u0131\u015f noktas\u0131nda g\u00fc\u00e7l\u00fc bir g\u00f6rsel etki yaratarak rekabette avantaj sunar.<\/p>\n","protected":false},"excerpt":{"rendered":"<p>Ya\u015f sebze ve meyve sekt\u00f6r\u00fcnde kullan\u0131lan kasa kenarlar\u0131, kasa ku\u015faklar\u0131, kasa ba\u015fl\u0131klar\u0131 ve k\u00f6\u015felikler; \u00fcr\u00fcnlerin ta\u015f\u0131nmas\u0131 ve te\u015fhir edilmesi s\u0131ras\u0131nda hem koruma sa\u011flar hem de markan\u0131n g\u00f6r\u00fcn\u00fcrl\u00fc\u011f\u00fcn\u00fc art\u0131r\u0131r. Ofset bask\u0131 tekni\u011fiyle y\u00fcksek \u00e7\u00f6z\u00fcn\u00fcrl\u00fckl\u00fc olarak \u00fcretilen bu ambalaj bile\u015fenleri, markan\u0131za \u00f6zel tasar\u0131mlarla \u00f6zelle\u015ftirilerek \u00fcr\u00fcnlerin raflarda daha dikkat \u00e7ekici bir \u015fekilde sergilenmesine yard\u0131mc\u0131 olur. G\u00fc\u00e7l\u00fc bask\u0131 kalitesi [&hellip;]<\/p>\n","protected":false},"author":1,"featured_media":0,"parent":0,"menu_order":0,"comment_status":"closed","ping_status":"closed","template":"","meta":{"om_disable_all_campaigns":false,"_monsterinsights_skip_tracking":false,"_monsterinsights_sitenote_active":false,"_monsterinsights_sitenote_note":"","_monsterinsights_sitenote_category":0,"footnotes":""},"class_list":["post-267","page","type-page","status-publish","hentry"],"aioseo_notices":[],"_links":{"self":[{"href":"https:\/\/tacpackambalaj.com\/index.php\/wp-json\/wp\/v2\/pages\/267","targetHints":{"allow":["GET"]}}],"collection":[{"href":"https:\/\/tacpackambalaj.com\/index.php\/wp-json\/wp\/v2\/pages"}],"about":[{"href":"https:\/\/tacpackambalaj.com\/index.php\/wp-json\/wp\/v2\/types\/page"}],"author":[{"embeddable":true,"href":"https:\/\/tacpackambalaj.com\/index.php\/wp-json\/wp\/v2\/users\/1"}],"replies":[{"embeddable":true,"href":"https:\/\/tacpackambalaj.com\/index.php\/wp-json\/wp\/v2\/comments?post=267"}],"version-history":[{"count":2,"href":"https:\/\/tacpackambalaj.com\/index.php\/wp-json\/wp\/v2\/pages\/267\/revisions"}],"predecessor-version":[{"id":393,"href":"https:\/\/tacpackambalaj.com\/index.php\/wp-json\/wp\/v2\/pages\/267\/revisions\/393"}],"wp:attachment":[{"href":"https:\/\/tacpackambalaj.com\/index.php\/wp-json\/wp\/v2\/media?parent=267"}],"curies":[{"name":"wp","href":"https:\/\/api.w.org\/{rel}","templated":true}]}}