{"id":268,"date":"2025-12-12T02:25:05","date_gmt":"2025-12-11T23:25:05","guid":{"rendered":"https:\/\/tacpackambalaj.com\/?page_id=268"},"modified":"2025-12-12T03:33:00","modified_gmt":"2025-12-12T00:33:00","slug":"ofset-baskili-meyve-tabagi","status":"publish","type":"page","link":"https:\/\/tacpackambalaj.com\/index.php\/ofset-baskili-meyve-tabagi\/","title":{"rendered":"OFSET BASKILI MEYVE TABA\u011eI"},"content":{"rendered":"\n<p>Ofset bask\u0131l\u0131 meyve tabaklar\u0131, \u00f6zellikle market ve manavlarda \u00fcr\u00fcnlerin daha estetik ve d\u00fczenli bir \u015fekilde sergilenmesini sa\u011flar. Y\u00fcksek bask\u0131 kalitesi sayesinde markaya profesyonel bir g\u00f6r\u00fcn\u00fcm kazand\u0131r\u0131rken, dayan\u0131kl\u0131 yap\u0131s\u0131 \u00fcr\u00fcn\u00fcn b\u00fct\u00fcnl\u00fc\u011f\u00fcn\u00fc korur. Farkl\u0131 ebatlarda \u00fcretilebilen bu tabaklar, h\u0131zl\u0131 t\u00fcketim sekt\u00f6r\u00fcn\u00fcn g\u00f6rsel kalite beklentilerine uygun olarak geli\u015ftirilmi\u015ftir.<\/p>\n","protected":false},"excerpt":{"rendered":"<p>Ofset bask\u0131l\u0131 meyve tabaklar\u0131, \u00f6zellikle market ve manavlarda \u00fcr\u00fcnlerin daha estetik ve d\u00fczenli bir \u015fekilde sergilenmesini sa\u011flar. Y\u00fcksek bask\u0131 kalitesi sayesinde markaya profesyonel bir g\u00f6r\u00fcn\u00fcm kazand\u0131r\u0131rken, dayan\u0131kl\u0131 yap\u0131s\u0131 \u00fcr\u00fcn\u00fcn b\u00fct\u00fcnl\u00fc\u011f\u00fcn\u00fc korur. Farkl\u0131 ebatlarda \u00fcretilebilen bu tabaklar, h\u0131zl\u0131 t\u00fcketim sekt\u00f6r\u00fcn\u00fcn g\u00f6rsel kalite beklentilerine uygun olarak geli\u015ftirilmi\u015ftir.<\/p>\n","protected":false},"author":1,"featured_media":0,"parent":0,"menu_order":0,"comment_status":"closed","ping_status":"closed","template":"","meta":{"om_disable_all_campaigns":false,"_monsterinsights_skip_tracking":false,"_monsterinsights_sitenote_active":false,"_monsterinsights_sitenote_note":"","_monsterinsights_sitenote_category":0,"footnotes":""},"class_list":["post-268","page","type-page","status-publish","hentry"],"aioseo_notices":[],"_links":{"self":[{"href":"https:\/\/tacpackambalaj.com\/index.php\/wp-json\/wp\/v2\/pages\/268","targetHints":{"allow":["GET"]}}],"collection":[{"href":"https:\/\/tacpackambalaj.com\/index.php\/wp-json\/wp\/v2\/pages"}],"about":[{"href":"https:\/\/tacpackambalaj.com\/index.php\/wp-json\/wp\/v2\/types\/page"}],"author":[{"embeddable":true,"href":"https:\/\/tacpackambalaj.com\/index.php\/wp-json\/wp\/v2\/users\/1"}],"replies":[{"embeddable":true,"href":"https:\/\/tacpackambalaj.com\/index.php\/wp-json\/wp\/v2\/comments?post=268"}],"version-history":[{"count":2,"href":"https:\/\/tacpackambalaj.com\/index.php\/wp-json\/wp\/v2\/pages\/268\/revisions"}],"predecessor-version":[{"id":378,"href":"https:\/\/tacpackambalaj.com\/index.php\/wp-json\/wp\/v2\/pages\/268\/revisions\/378"}],"wp:attachment":[{"href":"https:\/\/tacpackambalaj.com\/index.php\/wp-json\/wp\/v2\/media?parent=268"}],"curies":[{"name":"wp","href":"https:\/\/api.w.org\/{rel}","templated":true}]}}