{"id":269,"date":"2025-12-12T02:25:05","date_gmt":"2025-12-11T23:25:05","guid":{"rendered":"https:\/\/tacpackambalaj.com\/?page_id=269"},"modified":"2025-12-12T03:22:45","modified_gmt":"2025-12-12T00:22:45","slug":"akrilik-bant","status":"publish","type":"page","link":"https:\/\/tacpackambalaj.com\/index.php\/akrilik-bant\/","title":{"rendered":"AKR\u0130L\u0130K BANT"},"content":{"rendered":"\n<p>Akrilik bant, ambalajlama s\u00fcre\u00e7lerinde y\u00fcksek yap\u0131\u015fma g\u00fcc\u00fc ve uzun \u00f6m\u00fcrl\u00fc performans arayan i\u015fletmeler i\u00e7in ideal bir \u00e7\u00f6z\u00fcmd\u00fcr. Plastik, naylon ve film y\u00fczeylerde \u00fcst\u00fcn tutunma sa\u011flayan akrilik form\u00fcl, paketleme i\u015flemlerinde hem dayan\u0131kl\u0131l\u0131\u011f\u0131 hem de kullan\u0131m rahatl\u0131\u011f\u0131n\u0131 art\u0131r\u0131r. Hava ko\u015fullar\u0131na kar\u015f\u0131 diren\u00e7li yap\u0131s\u0131 sayesinde farkl\u0131 s\u0131cakl\u0131klarda stabil performans g\u00f6sterir. Depolama, sevkiyat ve \u00fcretim alanlar\u0131nda profesyonel sonu\u00e7 sunan akrilik bant, g\u00fcvenli kapatma ihtiyac\u0131 olan t\u00fcm sekt\u00f6rlerde tercih edilen kaliteli bir ambalaj \u00fcr\u00fcn\u00fcd\u00fcr.<\/p>\n\n\n\n<p>Teknik \u00d6zellikler:<br>Boyutlar: 4,5cm X 50mt ~ 1000 mt \/ 4,8cm X 1000mt ~ 800 mt \/ 5cm X 50mt ~ 1000 mt<br>Kal\u0131nl\u0131k: 36\u03bc \/ 38\u03bc \/ 40\u03bc \/ 42\u03bc \/ 45\u03bc \/ 47\u03bc<br>Renkler: Sar\u0131 \/ \u015eeffaf \/ Turuncu \/ Taba<br>Is\u0131 Dayan\u0131m\u0131: -20\u00b0C &gt; 80\u00b0C<br>G\u00fc\u00e7l\u00fc PP ta\u015f\u0131y\u0131c\u0131 \u2013 H\u0131zl\u0131 yap\u0131\u015fma<\/p>\n","protected":false},"excerpt":{"rendered":"<p>Akrilik bant, ambalajlama s\u00fcre\u00e7lerinde y\u00fcksek yap\u0131\u015fma g\u00fcc\u00fc ve uzun \u00f6m\u00fcrl\u00fc performans arayan i\u015fletmeler i\u00e7in ideal bir \u00e7\u00f6z\u00fcmd\u00fcr. Plastik, naylon ve film y\u00fczeylerde \u00fcst\u00fcn tutunma sa\u011flayan akrilik form\u00fcl, paketleme i\u015flemlerinde hem dayan\u0131kl\u0131l\u0131\u011f\u0131 hem de kullan\u0131m rahatl\u0131\u011f\u0131n\u0131 art\u0131r\u0131r. Hava ko\u015fullar\u0131na kar\u015f\u0131 diren\u00e7li yap\u0131s\u0131 sayesinde farkl\u0131 s\u0131cakl\u0131klarda stabil performans g\u00f6sterir. Depolama, sevkiyat ve \u00fcretim alanlar\u0131nda profesyonel sonu\u00e7 sunan [&hellip;]<\/p>\n","protected":false},"author":1,"featured_media":0,"parent":0,"menu_order":0,"comment_status":"closed","ping_status":"closed","template":"","meta":{"om_disable_all_campaigns":false,"_monsterinsights_skip_tracking":false,"_monsterinsights_sitenote_active":false,"_monsterinsights_sitenote_note":"","_monsterinsights_sitenote_category":0,"footnotes":""},"class_list":["post-269","page","type-page","status-publish","hentry"],"aioseo_notices":[],"_links":{"self":[{"href":"https:\/\/tacpackambalaj.com\/index.php\/wp-json\/wp\/v2\/pages\/269","targetHints":{"allow":["GET"]}}],"collection":[{"href":"https:\/\/tacpackambalaj.com\/index.php\/wp-json\/wp\/v2\/pages"}],"about":[{"href":"https:\/\/tacpackambalaj.com\/index.php\/wp-json\/wp\/v2\/types\/page"}],"author":[{"embeddable":true,"href":"https:\/\/tacpackambalaj.com\/index.php\/wp-json\/wp\/v2\/users\/1"}],"replies":[{"embeddable":true,"href":"https:\/\/tacpackambalaj.com\/index.php\/wp-json\/wp\/v2\/comments?post=269"}],"version-history":[{"count":2,"href":"https:\/\/tacpackambalaj.com\/index.php\/wp-json\/wp\/v2\/pages\/269\/revisions"}],"predecessor-version":[{"id":365,"href":"https:\/\/tacpackambalaj.com\/index.php\/wp-json\/wp\/v2\/pages\/269\/revisions\/365"}],"wp:attachment":[{"href":"https:\/\/tacpackambalaj.com\/index.php\/wp-json\/wp\/v2\/media?parent=269"}],"curies":[{"name":"wp","href":"https:\/\/api.w.org\/{rel}","templated":true}]}}