{"id":271,"date":"2025-12-12T02:25:05","date_gmt":"2025-12-11T23:25:05","guid":{"rendered":"https:\/\/tacpackambalaj.com\/?page_id=271"},"modified":"2025-12-12T03:30:31","modified_gmt":"2025-12-12T00:30:31","slug":"king-bant","status":"publish","type":"page","link":"https:\/\/tacpackambalaj.com\/index.php\/king-bant\/","title":{"rendered":"K\u0130NG BANT"},"content":{"rendered":"\n<p>King Bant, g\u00fc\u00e7l\u00fc yap\u0131\u015fma performans\u0131 ve dayan\u0131kl\u0131 yap\u0131s\u0131yla a\u011f\u0131r y\u00fck ta\u015f\u0131nan paketleme operasyonlar\u0131 i\u00e7in geli\u015ftirilmi\u015f profesyonel bir bant \u00e7\u00f6z\u00fcmd\u00fcr. Do\u011fal kau\u00e7uk ve solvent bazl\u0131 \u00fcr\u00fcnlere alternatif olarak tasarlanan bu bant, y\u00fcksek tutunma \u00f6zelli\u011fi sayesinde kolilerin a\u00e7\u0131lmas\u0131n\u0131 \u00f6nler ve uzun s\u00fcreli depolamalarda dahi g\u00fcvenli bir kapatma sa\u011flar. E-ticaret, \u00fcretim, lojistik ve depolama alanlar\u0131nda kaliteli yap\u0131\u015fma arayan i\u015fletmeler i\u00e7in ideal bir se\u00e7enektir. Sert yap\u0131\u015fma karakteri ile zorlu y\u00fczeylerde bile etkili sonu\u00e7 sunar.<\/p>\n\n\n\n<p>Teknik \u00d6zellikler :<\/p>\n\n\n\n<ul class=\"wp-block-list\">\n<li>Boyutlar: 4,5cm X 50mt ~ 1000 mt \/ 4,8cm X 1000mt ~ 800 mt \/ 5cm X 50mt ~ 1000 mt<\/li>\n\n\n\n<li>Kal\u0131nl\u0131k: 45\u03bc<\/li>\n\n\n\n<li>Renk: \u015eeffaf<\/li>\n\n\n\n<li>Is\u0131 Dayan\u0131m\u0131: -20\u00b0C > 60\u00b0C<\/li>\n\n\n\n<li>Sert yap\u0131\u015fma g\u00fcc\u00fc<\/li>\n<\/ul>\n","protected":false},"excerpt":{"rendered":"<p>King Bant, g\u00fc\u00e7l\u00fc yap\u0131\u015fma performans\u0131 ve dayan\u0131kl\u0131 yap\u0131s\u0131yla a\u011f\u0131r y\u00fck ta\u015f\u0131nan paketleme operasyonlar\u0131 i\u00e7in geli\u015ftirilmi\u015f profesyonel bir bant \u00e7\u00f6z\u00fcmd\u00fcr. Do\u011fal kau\u00e7uk ve solvent bazl\u0131 \u00fcr\u00fcnlere alternatif olarak tasarlanan bu bant, y\u00fcksek tutunma \u00f6zelli\u011fi sayesinde kolilerin a\u00e7\u0131lmas\u0131n\u0131 \u00f6nler ve uzun s\u00fcreli depolamalarda dahi g\u00fcvenli bir kapatma sa\u011flar. E-ticaret, \u00fcretim, lojistik ve depolama alanlar\u0131nda kaliteli yap\u0131\u015fma arayan [&hellip;]<\/p>\n","protected":false},"author":1,"featured_media":0,"parent":0,"menu_order":0,"comment_status":"closed","ping_status":"closed","template":"","meta":{"om_disable_all_campaigns":false,"_monsterinsights_skip_tracking":false,"_monsterinsights_sitenote_active":false,"_monsterinsights_sitenote_note":"","_monsterinsights_sitenote_category":0,"footnotes":""},"class_list":["post-271","page","type-page","status-publish","hentry"],"aioseo_notices":[],"_links":{"self":[{"href":"https:\/\/tacpackambalaj.com\/index.php\/wp-json\/wp\/v2\/pages\/271","targetHints":{"allow":["GET"]}}],"collection":[{"href":"https:\/\/tacpackambalaj.com\/index.php\/wp-json\/wp\/v2\/pages"}],"about":[{"href":"https:\/\/tacpackambalaj.com\/index.php\/wp-json\/wp\/v2\/types\/page"}],"author":[{"embeddable":true,"href":"https:\/\/tacpackambalaj.com\/index.php\/wp-json\/wp\/v2\/users\/1"}],"replies":[{"embeddable":true,"href":"https:\/\/tacpackambalaj.com\/index.php\/wp-json\/wp\/v2\/comments?post=271"}],"version-history":[{"count":2,"href":"https:\/\/tacpackambalaj.com\/index.php\/wp-json\/wp\/v2\/pages\/271\/revisions"}],"predecessor-version":[{"id":375,"href":"https:\/\/tacpackambalaj.com\/index.php\/wp-json\/wp\/v2\/pages\/271\/revisions\/375"}],"wp:attachment":[{"href":"https:\/\/tacpackambalaj.com\/index.php\/wp-json\/wp\/v2\/media?parent=271"}],"curies":[{"name":"wp","href":"https:\/\/api.w.org\/{rel}","templated":true}]}}