{"id":272,"date":"2025-12-12T02:25:05","date_gmt":"2025-12-11T23:25:05","guid":{"rendered":"https:\/\/tacpackambalaj.com\/?page_id=272"},"modified":"2025-12-12T03:23:24","modified_gmt":"2025-12-12T00:23:24","slug":"barkod-etiket","status":"publish","type":"page","link":"https:\/\/tacpackambalaj.com\/index.php\/barkod-etiket\/","title":{"rendered":"BARKOD ET\u0130KET"},"content":{"rendered":"\n<p>Barkod etiketler, \u00fcr\u00fcnlerin tan\u0131mlanmas\u0131, fiyatland\u0131r\u0131lmas\u0131 ve stok takibi i\u00e7in kullan\u0131lan en yayg\u0131n etiket \u00e7\u00f6z\u00fcmlerinden biridir. Ka\u011f\u0131t veya plastik bazl\u0131 se\u00e7eneklerle \u00fcretilen bu etiketler, barkod yaz\u0131c\u0131larla net bask\u0131 verebilecek \u015fekilde tasarlan\u0131r. \u00dcr\u00fcn kimli\u011fi, seri numaras\u0131, lot bilgisi gibi verilerin do\u011fru \u015fekilde i\u015flenmesini sa\u011flayarak sat\u0131\u015f ve lojistik s\u00fcre\u00e7lerinde h\u0131z ve d\u00fczen olu\u015fturur. Perakende, depo y\u00f6netimi, e-ticaret ve \u00fcretim hatlar\u0131nda verimlili\u011fi art\u0131ran \u00f6nemli bir yard\u0131mc\u0131d\u0131r.<\/p>\n","protected":false},"excerpt":{"rendered":"<p>Barkod etiketler, \u00fcr\u00fcnlerin tan\u0131mlanmas\u0131, fiyatland\u0131r\u0131lmas\u0131 ve stok takibi i\u00e7in kullan\u0131lan en yayg\u0131n etiket \u00e7\u00f6z\u00fcmlerinden biridir. Ka\u011f\u0131t veya plastik bazl\u0131 se\u00e7eneklerle \u00fcretilen bu etiketler, barkod yaz\u0131c\u0131larla net bask\u0131 verebilecek \u015fekilde tasarlan\u0131r. \u00dcr\u00fcn kimli\u011fi, seri numaras\u0131, lot bilgisi gibi verilerin do\u011fru \u015fekilde i\u015flenmesini sa\u011flayarak sat\u0131\u015f ve lojistik s\u00fcre\u00e7lerinde h\u0131z ve d\u00fczen olu\u015fturur. Perakende, depo y\u00f6netimi, e-ticaret ve [&hellip;]<\/p>\n","protected":false},"author":1,"featured_media":0,"parent":0,"menu_order":0,"comment_status":"closed","ping_status":"closed","template":"","meta":{"om_disable_all_campaigns":false,"_monsterinsights_skip_tracking":false,"_monsterinsights_sitenote_active":false,"_monsterinsights_sitenote_note":"","_monsterinsights_sitenote_category":0,"footnotes":""},"class_list":["post-272","page","type-page","status-publish","hentry"],"aioseo_notices":[],"_links":{"self":[{"href":"https:\/\/tacpackambalaj.com\/index.php\/wp-json\/wp\/v2\/pages\/272","targetHints":{"allow":["GET"]}}],"collection":[{"href":"https:\/\/tacpackambalaj.com\/index.php\/wp-json\/wp\/v2\/pages"}],"about":[{"href":"https:\/\/tacpackambalaj.com\/index.php\/wp-json\/wp\/v2\/types\/page"}],"author":[{"embeddable":true,"href":"https:\/\/tacpackambalaj.com\/index.php\/wp-json\/wp\/v2\/users\/1"}],"replies":[{"embeddable":true,"href":"https:\/\/tacpackambalaj.com\/index.php\/wp-json\/wp\/v2\/comments?post=272"}],"version-history":[{"count":2,"href":"https:\/\/tacpackambalaj.com\/index.php\/wp-json\/wp\/v2\/pages\/272\/revisions"}],"predecessor-version":[{"id":366,"href":"https:\/\/tacpackambalaj.com\/index.php\/wp-json\/wp\/v2\/pages\/272\/revisions\/366"}],"wp:attachment":[{"href":"https:\/\/tacpackambalaj.com\/index.php\/wp-json\/wp\/v2\/media?parent=272"}],"curies":[{"name":"wp","href":"https:\/\/api.w.org\/{rel}","templated":true}]}}