{"id":273,"date":"2025-12-12T02:25:05","date_gmt":"2025-12-11T23:25:05","guid":{"rendered":"https:\/\/tacpackambalaj.com\/?page_id=273"},"modified":"2025-12-12T03:24:33","modified_gmt":"2025-12-12T00:24:33","slug":"eko-termal-etiket","status":"publish","type":"page","link":"https:\/\/tacpackambalaj.com\/index.php\/eko-termal-etiket\/","title":{"rendered":"EKO TERMAL ET\u0130KET"},"content":{"rendered":"\n<p>Eko termal etiketler, termal y\u00fczey kaplamas\u0131 sayesinde ribon kullanmadan bask\u0131 al\u0131nabilen ekonomik bir etiket t\u00fcr\u00fcd\u00fcr. \u00dczerinde koruyucu bir tabaka bulunmad\u0131\u011f\u0131 i\u00e7in \u0131\u015f\u0131k, nem ve s\u0131cakl\u0131k kar\u015f\u0131s\u0131nda daha hassast\u0131r ve bu nedenle k\u0131sa s\u00fcreli kullan\u0131mlarda tercih edilir. Market fiyat etiketleri, ge\u00e7ici \u00fcr\u00fcn i\u015faretlemeleri, kargo fi\u015fleri ve h\u0131zl\u0131 t\u00fcketilen \u00fcr\u00fcnlerde maliyet avantaj\u0131 sa\u011flar. Bask\u0131 h\u0131z\u0131 ve pratikli\u011fiyle yo\u011fun i\u015flem gerektiren operasyonlarda b\u00fcy\u00fck kolayl\u0131k sunar.<\/p>\n","protected":false},"excerpt":{"rendered":"<p>Eko termal etiketler, termal y\u00fczey kaplamas\u0131 sayesinde ribon kullanmadan bask\u0131 al\u0131nabilen ekonomik bir etiket t\u00fcr\u00fcd\u00fcr. \u00dczerinde koruyucu bir tabaka bulunmad\u0131\u011f\u0131 i\u00e7in \u0131\u015f\u0131k, nem ve s\u0131cakl\u0131k kar\u015f\u0131s\u0131nda daha hassast\u0131r ve bu nedenle k\u0131sa s\u00fcreli kullan\u0131mlarda tercih edilir. Market fiyat etiketleri, ge\u00e7ici \u00fcr\u00fcn i\u015faretlemeleri, kargo fi\u015fleri ve h\u0131zl\u0131 t\u00fcketilen \u00fcr\u00fcnlerde maliyet avantaj\u0131 sa\u011flar. Bask\u0131 h\u0131z\u0131 ve pratikli\u011fiyle [&hellip;]<\/p>\n","protected":false},"author":1,"featured_media":0,"parent":0,"menu_order":0,"comment_status":"closed","ping_status":"closed","template":"","meta":{"om_disable_all_campaigns":false,"_monsterinsights_skip_tracking":false,"_monsterinsights_sitenote_active":false,"_monsterinsights_sitenote_note":"","_monsterinsights_sitenote_category":0,"footnotes":""},"class_list":["post-273","page","type-page","status-publish","hentry"],"aioseo_notices":[],"_links":{"self":[{"href":"https:\/\/tacpackambalaj.com\/index.php\/wp-json\/wp\/v2\/pages\/273","targetHints":{"allow":["GET"]}}],"collection":[{"href":"https:\/\/tacpackambalaj.com\/index.php\/wp-json\/wp\/v2\/pages"}],"about":[{"href":"https:\/\/tacpackambalaj.com\/index.php\/wp-json\/wp\/v2\/types\/page"}],"author":[{"embeddable":true,"href":"https:\/\/tacpackambalaj.com\/index.php\/wp-json\/wp\/v2\/users\/1"}],"replies":[{"embeddable":true,"href":"https:\/\/tacpackambalaj.com\/index.php\/wp-json\/wp\/v2\/comments?post=273"}],"version-history":[{"count":2,"href":"https:\/\/tacpackambalaj.com\/index.php\/wp-json\/wp\/v2\/pages\/273\/revisions"}],"predecessor-version":[{"id":367,"href":"https:\/\/tacpackambalaj.com\/index.php\/wp-json\/wp\/v2\/pages\/273\/revisions\/367"}],"wp:attachment":[{"href":"https:\/\/tacpackambalaj.com\/index.php\/wp-json\/wp\/v2\/media?parent=273"}],"curies":[{"name":"wp","href":"https:\/\/api.w.org\/{rel}","templated":true}]}}