{"id":274,"date":"2025-12-12T02:25:05","date_gmt":"2025-12-11T23:25:05","guid":{"rendered":"https:\/\/tacpackambalaj.com\/?page_id=274"},"modified":"2025-12-12T03:25:09","modified_gmt":"2025-12-12T00:25:09","slug":"gida-etiket","status":"publish","type":"page","link":"https:\/\/tacpackambalaj.com\/index.php\/gida-etiket\/","title":{"rendered":"GIDA ET\u0130KET"},"content":{"rendered":"\n<p>G\u0131da etiketleri, \u00fcr\u00fcn i\u00e7eriklerini, besin de\u011ferlerini ve \u00fcretim bilgilerini t\u00fcketiciye do\u011fru \u015fekilde aktarabilmek i\u00e7in \u00f6zel olarak tasarlan\u0131r. Plastik, metal, cam veya karton ambalajlarda kullan\u0131lmaya uygun yap\u0131da \u00fcretilir. Y\u00fcksek bask\u0131 kalitesi sayesinde markan\u0131n g\u00f6r\u00fcn\u00fcrl\u00fc\u011f\u00fcn\u00fc art\u0131r\u0131r, ayn\u0131 zamanda yasal gerekliliklere uygun bir bilgilendirme sa\u011flar. Raf \u00f6mr\u00fc boyunca dayan\u0131kl\u0131l\u0131\u011f\u0131n\u0131 koruyarak g\u0131da g\u00fcvenli\u011fine \u00f6nemli katk\u0131da bulunur.<\/p>\n","protected":false},"excerpt":{"rendered":"<p>G\u0131da etiketleri, \u00fcr\u00fcn i\u00e7eriklerini, besin de\u011ferlerini ve \u00fcretim bilgilerini t\u00fcketiciye do\u011fru \u015fekilde aktarabilmek i\u00e7in \u00f6zel olarak tasarlan\u0131r. Plastik, metal, cam veya karton ambalajlarda kullan\u0131lmaya uygun yap\u0131da \u00fcretilir. Y\u00fcksek bask\u0131 kalitesi sayesinde markan\u0131n g\u00f6r\u00fcn\u00fcrl\u00fc\u011f\u00fcn\u00fc art\u0131r\u0131r, ayn\u0131 zamanda yasal gerekliliklere uygun bir bilgilendirme sa\u011flar. Raf \u00f6mr\u00fc boyunca dayan\u0131kl\u0131l\u0131\u011f\u0131n\u0131 koruyarak g\u0131da g\u00fcvenli\u011fine \u00f6nemli katk\u0131da bulunur.<\/p>\n","protected":false},"author":1,"featured_media":0,"parent":0,"menu_order":0,"comment_status":"closed","ping_status":"closed","template":"","meta":{"om_disable_all_campaigns":false,"_monsterinsights_skip_tracking":false,"_monsterinsights_sitenote_active":false,"_monsterinsights_sitenote_note":"","_monsterinsights_sitenote_category":0,"footnotes":""},"class_list":["post-274","page","type-page","status-publish","hentry"],"aioseo_notices":[],"_links":{"self":[{"href":"https:\/\/tacpackambalaj.com\/index.php\/wp-json\/wp\/v2\/pages\/274","targetHints":{"allow":["GET"]}}],"collection":[{"href":"https:\/\/tacpackambalaj.com\/index.php\/wp-json\/wp\/v2\/pages"}],"about":[{"href":"https:\/\/tacpackambalaj.com\/index.php\/wp-json\/wp\/v2\/types\/page"}],"author":[{"embeddable":true,"href":"https:\/\/tacpackambalaj.com\/index.php\/wp-json\/wp\/v2\/users\/1"}],"replies":[{"embeddable":true,"href":"https:\/\/tacpackambalaj.com\/index.php\/wp-json\/wp\/v2\/comments?post=274"}],"version-history":[{"count":2,"href":"https:\/\/tacpackambalaj.com\/index.php\/wp-json\/wp\/v2\/pages\/274\/revisions"}],"predecessor-version":[{"id":368,"href":"https:\/\/tacpackambalaj.com\/index.php\/wp-json\/wp\/v2\/pages\/274\/revisions\/368"}],"wp:attachment":[{"href":"https:\/\/tacpackambalaj.com\/index.php\/wp-json\/wp\/v2\/media?parent=274"}],"curies":[{"name":"wp","href":"https:\/\/api.w.org\/{rel}","templated":true}]}}