{"id":275,"date":"2025-12-12T02:25:05","date_gmt":"2025-12-11T23:25:05","guid":{"rendered":"https:\/\/tacpackambalaj.com\/?page_id=275"},"modified":"2025-12-12T03:27:00","modified_gmt":"2025-12-12T00:27:00","slug":"icecek-etiket","status":"publish","type":"page","link":"https:\/\/tacpackambalaj.com\/index.php\/icecek-etiket\/","title":{"rendered":"\u0130\u00c7ECEK ET\u0130KET"},"content":{"rendered":"\n<p>\u0130\u00e7ecek etiketleri, \u015fi\u015fe ve i\u00e7ecek ambalajlar\u0131n\u0131n zorlu ko\u015fullar\u0131na dayanabilecek \u015fekilde \u00fcretilen \u00f6zel etiket \u00e7\u00f6z\u00fcmleridir. Su, nem, so\u011fuk hava ve ta\u015f\u0131ma s\u00fcre\u00e7lerine kar\u015f\u0131 y\u00fcksek dayan\u0131m sa\u011flayan PP opak malzeme kullan\u0131l\u0131r. G\u00fc\u00e7l\u00fc yap\u0131\u015fkan\u0131 sayesinde \u015fi\u015fe y\u00fczeyine sa\u011flam bir \u015fekilde tutunur. Enerji i\u00e7ecekleri, su \u015fi\u015feleri, me\u015frubatlar ve alkoll\u00fc i\u00e7eceklerde hem estetik g\u00f6r\u00fcn\u00fc\u015f hem de uzun \u00f6m\u00fcrl\u00fc kullan\u0131m sunar. Y\u00fcksek bask\u0131 netli\u011fi sayesinde marka kimli\u011fini g\u00fc\u00e7l\u00fc bir \u015fekilde yans\u0131t\u0131r.<\/p>\n","protected":false},"excerpt":{"rendered":"<p>\u0130\u00e7ecek etiketleri, \u015fi\u015fe ve i\u00e7ecek ambalajlar\u0131n\u0131n zorlu ko\u015fullar\u0131na dayanabilecek \u015fekilde \u00fcretilen \u00f6zel etiket \u00e7\u00f6z\u00fcmleridir. Su, nem, so\u011fuk hava ve ta\u015f\u0131ma s\u00fcre\u00e7lerine kar\u015f\u0131 y\u00fcksek dayan\u0131m sa\u011flayan PP opak malzeme kullan\u0131l\u0131r. G\u00fc\u00e7l\u00fc yap\u0131\u015fkan\u0131 sayesinde \u015fi\u015fe y\u00fczeyine sa\u011flam bir \u015fekilde tutunur. Enerji i\u00e7ecekleri, su \u015fi\u015feleri, me\u015frubatlar ve alkoll\u00fc i\u00e7eceklerde hem estetik g\u00f6r\u00fcn\u00fc\u015f hem de uzun \u00f6m\u00fcrl\u00fc kullan\u0131m sunar. [&hellip;]<\/p>\n","protected":false},"author":1,"featured_media":0,"parent":0,"menu_order":0,"comment_status":"closed","ping_status":"closed","template":"","meta":{"om_disable_all_campaigns":false,"_monsterinsights_skip_tracking":false,"_monsterinsights_sitenote_active":false,"_monsterinsights_sitenote_note":"","_monsterinsights_sitenote_category":0,"footnotes":""},"class_list":["post-275","page","type-page","status-publish","hentry"],"aioseo_notices":[],"_links":{"self":[{"href":"https:\/\/tacpackambalaj.com\/index.php\/wp-json\/wp\/v2\/pages\/275","targetHints":{"allow":["GET"]}}],"collection":[{"href":"https:\/\/tacpackambalaj.com\/index.php\/wp-json\/wp\/v2\/pages"}],"about":[{"href":"https:\/\/tacpackambalaj.com\/index.php\/wp-json\/wp\/v2\/types\/page"}],"author":[{"embeddable":true,"href":"https:\/\/tacpackambalaj.com\/index.php\/wp-json\/wp\/v2\/users\/1"}],"replies":[{"embeddable":true,"href":"https:\/\/tacpackambalaj.com\/index.php\/wp-json\/wp\/v2\/comments?post=275"}],"version-history":[{"count":2,"href":"https:\/\/tacpackambalaj.com\/index.php\/wp-json\/wp\/v2\/pages\/275\/revisions"}],"predecessor-version":[{"id":371,"href":"https:\/\/tacpackambalaj.com\/index.php\/wp-json\/wp\/v2\/pages\/275\/revisions\/371"}],"wp:attachment":[{"href":"https:\/\/tacpackambalaj.com\/index.php\/wp-json\/wp\/v2\/media?parent=275"}],"curies":[{"name":"wp","href":"https:\/\/api.w.org\/{rel}","templated":true}]}}