{"id":276,"date":"2025-12-12T02:25:05","date_gmt":"2025-12-11T23:25:05","guid":{"rendered":"https:\/\/tacpackambalaj.com\/?page_id=276"},"modified":"2025-12-12T03:31:13","modified_gmt":"2025-12-12T00:31:13","slug":"kuse-etiket","status":"publish","type":"page","link":"https:\/\/tacpackambalaj.com\/index.php\/kuse-etiket\/","title":{"rendered":"KU\u015eE ET\u0130KET"},"content":{"rendered":"\n<p>K\u00fc\u015fe etiketler, parlak y\u00fczeyi ve \u00fcst\u00fcn bask\u0131 performans\u0131 ile \u00f6zellikle g\u00f6rsel kalitenin \u00f6n planda oldu\u011fu \u00fcr\u00fcn gruplar\u0131nda tercih edilir. Etiketlik ku\u015fe ka\u011f\u0131ttan \u00fcretilen bu etiketler; kozmetik, g\u0131da, promosyon ve tekstil gibi sekt\u00f6rlerde \u00fcr\u00fcn ambalajlar\u0131n\u0131 daha profesyonel g\u00f6sterir. Talebe g\u00f6re \u00f6zel \u00f6l\u00e7\u00fc ve tasar\u0131m se\u00e7enekleri sunarak markalar\u0131n kurumsal kimli\u011fine katk\u0131 sa\u011flar. Ribon ile bask\u0131 al\u0131nabilen yap\u0131s\u0131 sayesinde dayan\u0131kl\u0131 ve net sonu\u00e7lar verir.<\/p>\n","protected":false},"excerpt":{"rendered":"<p>K\u00fc\u015fe etiketler, parlak y\u00fczeyi ve \u00fcst\u00fcn bask\u0131 performans\u0131 ile \u00f6zellikle g\u00f6rsel kalitenin \u00f6n planda oldu\u011fu \u00fcr\u00fcn gruplar\u0131nda tercih edilir. Etiketlik ku\u015fe ka\u011f\u0131ttan \u00fcretilen bu etiketler; kozmetik, g\u0131da, promosyon ve tekstil gibi sekt\u00f6rlerde \u00fcr\u00fcn ambalajlar\u0131n\u0131 daha profesyonel g\u00f6sterir. Talebe g\u00f6re \u00f6zel \u00f6l\u00e7\u00fc ve tasar\u0131m se\u00e7enekleri sunarak markalar\u0131n kurumsal kimli\u011fine katk\u0131 sa\u011flar. Ribon ile bask\u0131 al\u0131nabilen yap\u0131s\u0131 [&hellip;]<\/p>\n","protected":false},"author":1,"featured_media":0,"parent":0,"menu_order":0,"comment_status":"closed","ping_status":"closed","template":"","meta":{"om_disable_all_campaigns":false,"_monsterinsights_skip_tracking":false,"_monsterinsights_sitenote_active":false,"_monsterinsights_sitenote_note":"","_monsterinsights_sitenote_category":0,"footnotes":""},"class_list":["post-276","page","type-page","status-publish","hentry"],"aioseo_notices":[],"_links":{"self":[{"href":"https:\/\/tacpackambalaj.com\/index.php\/wp-json\/wp\/v2\/pages\/276","targetHints":{"allow":["GET"]}}],"collection":[{"href":"https:\/\/tacpackambalaj.com\/index.php\/wp-json\/wp\/v2\/pages"}],"about":[{"href":"https:\/\/tacpackambalaj.com\/index.php\/wp-json\/wp\/v2\/types\/page"}],"author":[{"embeddable":true,"href":"https:\/\/tacpackambalaj.com\/index.php\/wp-json\/wp\/v2\/users\/1"}],"replies":[{"embeddable":true,"href":"https:\/\/tacpackambalaj.com\/index.php\/wp-json\/wp\/v2\/comments?post=276"}],"version-history":[{"count":2,"href":"https:\/\/tacpackambalaj.com\/index.php\/wp-json\/wp\/v2\/pages\/276\/revisions"}],"predecessor-version":[{"id":376,"href":"https:\/\/tacpackambalaj.com\/index.php\/wp-json\/wp\/v2\/pages\/276\/revisions\/376"}],"wp:attachment":[{"href":"https:\/\/tacpackambalaj.com\/index.php\/wp-json\/wp\/v2\/media?parent=276"}],"curies":[{"name":"wp","href":"https:\/\/api.w.org\/{rel}","templated":true}]}}