{"id":277,"date":"2025-12-12T02:25:05","date_gmt":"2025-12-11T23:25:05","guid":{"rendered":"https:\/\/tacpackambalaj.com\/?page_id=277"},"modified":"2025-12-12T03:31:50","modified_gmt":"2025-12-12T00:31:50","slug":"lamine-termal-etiket","status":"publish","type":"page","link":"https:\/\/tacpackambalaj.com\/index.php\/lamine-termal-etiket\/","title":{"rendered":"LAM\u0130NE TERMAL ET\u0130KET"},"content":{"rendered":"\n<p>Lamine termal etiketler, ka\u011f\u0131t \u00fczerine uygulanan termal katman\u0131n ek bir koruyucu tabaka ile g\u00fc\u00e7lendirilmesiyle \u00fcretilir. Bu yap\u0131, standart termal etiketlere k\u0131yasla \u00e7ok daha uzun \u00f6m\u00fcrl\u00fc bir kullan\u0131m sunar. I\u015f\u0131k, nem ve d\u0131\u015f etkenlere kar\u015f\u0131 daha dayan\u0131kl\u0131 oldu\u011fu i\u00e7in raflarda uzun s\u00fcre bekleyecek \u00fcr\u00fcnlerde tercih edilir. Temiz ve net termal bask\u0131 alabilmesi, perakende ve lojistik sekt\u00f6rlerinde y\u00fcksek performans sa\u011flar. Uzun s\u00fcre bilgi g\u00f6r\u00fcn\u00fcrl\u00fc\u011f\u00fcn\u00fc koruyarak i\u015flem hatalar\u0131n\u0131 \u00f6nler.<\/p>\n","protected":false},"excerpt":{"rendered":"<p>Lamine termal etiketler, ka\u011f\u0131t \u00fczerine uygulanan termal katman\u0131n ek bir koruyucu tabaka ile g\u00fc\u00e7lendirilmesiyle \u00fcretilir. Bu yap\u0131, standart termal etiketlere k\u0131yasla \u00e7ok daha uzun \u00f6m\u00fcrl\u00fc bir kullan\u0131m sunar. I\u015f\u0131k, nem ve d\u0131\u015f etkenlere kar\u015f\u0131 daha dayan\u0131kl\u0131 oldu\u011fu i\u00e7in raflarda uzun s\u00fcre bekleyecek \u00fcr\u00fcnlerde tercih edilir. Temiz ve net termal bask\u0131 alabilmesi, perakende ve lojistik sekt\u00f6rlerinde [&hellip;]<\/p>\n","protected":false},"author":1,"featured_media":0,"parent":0,"menu_order":0,"comment_status":"closed","ping_status":"closed","template":"","meta":{"om_disable_all_campaigns":false,"_monsterinsights_skip_tracking":false,"_monsterinsights_sitenote_active":false,"_monsterinsights_sitenote_note":"","_monsterinsights_sitenote_category":0,"footnotes":""},"class_list":["post-277","page","type-page","status-publish","hentry"],"aioseo_notices":[],"_links":{"self":[{"href":"https:\/\/tacpackambalaj.com\/index.php\/wp-json\/wp\/v2\/pages\/277","targetHints":{"allow":["GET"]}}],"collection":[{"href":"https:\/\/tacpackambalaj.com\/index.php\/wp-json\/wp\/v2\/pages"}],"about":[{"href":"https:\/\/tacpackambalaj.com\/index.php\/wp-json\/wp\/v2\/types\/page"}],"author":[{"embeddable":true,"href":"https:\/\/tacpackambalaj.com\/index.php\/wp-json\/wp\/v2\/users\/1"}],"replies":[{"embeddable":true,"href":"https:\/\/tacpackambalaj.com\/index.php\/wp-json\/wp\/v2\/comments?post=277"}],"version-history":[{"count":2,"href":"https:\/\/tacpackambalaj.com\/index.php\/wp-json\/wp\/v2\/pages\/277\/revisions"}],"predecessor-version":[{"id":377,"href":"https:\/\/tacpackambalaj.com\/index.php\/wp-json\/wp\/v2\/pages\/277\/revisions\/377"}],"wp:attachment":[{"href":"https:\/\/tacpackambalaj.com\/index.php\/wp-json\/wp\/v2\/media?parent=277"}],"curies":[{"name":"wp","href":"https:\/\/api.w.org\/{rel}","templated":true}]}}