{"id":280,"date":"2025-12-12T02:25:05","date_gmt":"2025-12-11T23:25:05","guid":{"rendered":"https:\/\/tacpackambalaj.com\/?page_id=280"},"modified":"2025-12-12T03:42:08","modified_gmt":"2025-12-12T00:42:08","slug":"rulo-etiket","status":"publish","type":"page","link":"https:\/\/tacpackambalaj.com\/index.php\/rulo-etiket\/","title":{"rendered":"RULO ET\u0130KET"},"content":{"rendered":"\n<p>Rulo etiketler, barkod yaz\u0131c\u0131lar ve otomatik etiketleme makineleriyle uyumlu olacak \u015fekilde \u00fcretilir. Y\u00fcksek adetli \u00fcretim hatlar\u0131nda h\u0131z ve verimlilik sa\u011flar. Ka\u011f\u0131t bazl\u0131 ku\u015fe, eco termal ve lamine termal se\u00e7eneklerin yan\u0131 s\u0131ra PP ve silvermat gibi plastik bazl\u0131 \u00e7e\u015fitleri de bulunur. Farkl\u0131 yap\u0131\u015fkan tipleri ve \u00f6l\u00e7\u00fc alternatifleri sayesinde her sekt\u00f6re uygun bir \u00e7\u00f6z\u00fcm sunar. Depo y\u00f6netimi, lojistik, perakende ve \u00fcretim s\u00fcre\u00e7lerinde yayg\u0131n olarak kullan\u0131l\u0131r.<\/p>\n","protected":false},"excerpt":{"rendered":"<p>Rulo etiketler, barkod yaz\u0131c\u0131lar ve otomatik etiketleme makineleriyle uyumlu olacak \u015fekilde \u00fcretilir. Y\u00fcksek adetli \u00fcretim hatlar\u0131nda h\u0131z ve verimlilik sa\u011flar. Ka\u011f\u0131t bazl\u0131 ku\u015fe, eco termal ve lamine termal se\u00e7eneklerin yan\u0131 s\u0131ra PP ve silvermat gibi plastik bazl\u0131 \u00e7e\u015fitleri de bulunur. Farkl\u0131 yap\u0131\u015fkan tipleri ve \u00f6l\u00e7\u00fc alternatifleri sayesinde her sekt\u00f6re uygun bir \u00e7\u00f6z\u00fcm sunar. Depo y\u00f6netimi, [&hellip;]<\/p>\n","protected":false},"author":1,"featured_media":0,"parent":0,"menu_order":0,"comment_status":"closed","ping_status":"closed","template":"","meta":{"om_disable_all_campaigns":false,"_monsterinsights_skip_tracking":false,"_monsterinsights_sitenote_active":false,"_monsterinsights_sitenote_note":"","_monsterinsights_sitenote_category":0,"footnotes":""},"class_list":["post-280","page","type-page","status-publish","hentry"],"aioseo_notices":[],"_links":{"self":[{"href":"https:\/\/tacpackambalaj.com\/index.php\/wp-json\/wp\/v2\/pages\/280","targetHints":{"allow":["GET"]}}],"collection":[{"href":"https:\/\/tacpackambalaj.com\/index.php\/wp-json\/wp\/v2\/pages"}],"about":[{"href":"https:\/\/tacpackambalaj.com\/index.php\/wp-json\/wp\/v2\/types\/page"}],"author":[{"embeddable":true,"href":"https:\/\/tacpackambalaj.com\/index.php\/wp-json\/wp\/v2\/users\/1"}],"replies":[{"embeddable":true,"href":"https:\/\/tacpackambalaj.com\/index.php\/wp-json\/wp\/v2\/comments?post=280"}],"version-history":[{"count":2,"href":"https:\/\/tacpackambalaj.com\/index.php\/wp-json\/wp\/v2\/pages\/280\/revisions"}],"predecessor-version":[{"id":387,"href":"https:\/\/tacpackambalaj.com\/index.php\/wp-json\/wp\/v2\/pages\/280\/revisions\/387"}],"wp:attachment":[{"href":"https:\/\/tacpackambalaj.com\/index.php\/wp-json\/wp\/v2\/media?parent=280"}],"curies":[{"name":"wp","href":"https:\/\/api.w.org\/{rel}","templated":true}]}}