{"id":281,"date":"2025-12-12T02:25:05","date_gmt":"2025-12-11T23:25:05","guid":{"rendered":"https:\/\/tacpackambalaj.com\/?page_id=281"},"modified":"2025-12-12T03:44:03","modified_gmt":"2025-12-12T00:44:03","slug":"termal-deepfreeze-etiket","status":"publish","type":"page","link":"https:\/\/tacpackambalaj.com\/index.php\/termal-deepfreeze-etiket\/","title":{"rendered":"TERMAL DEEPFREEZE ET\u0130KET"},"content":{"rendered":"\n<p>Termal deepfreeze etiketler, \u00e7ok d\u00fc\u015f\u00fck s\u0131cakl\u0131klarda bile yap\u0131\u015fma g\u00fcc\u00fcn\u00fc koruyabilen \u00f6zel etiket \u00e7e\u015fitleridir. Ka\u011f\u0131t bazl\u0131 malzemenin iki taraf\u0131 koruyucu tabaka ile g\u00fc\u00e7lendirilir, b\u00f6ylece -18\u00b0C ile -30\u00b0C aras\u0131ndaki derin dondurucu ko\u015fullar\u0131nda bile y\u00fczeye sa\u011flam \u015fekilde tutunur. Yap\u0131\u015fkan\u0131n kristalle\u015fmemesi, uzun s\u00fcre kullan\u0131m sa\u011flayarak \u00f6zellikle dondurulmu\u015f g\u0131da, et \u00fcr\u00fcnleri, buzlu depolama ve medikal numune etiketlemede ideal \u00e7\u00f6z\u00fcmd\u00fcr.<\/p>\n","protected":false},"excerpt":{"rendered":"<p>Termal deepfreeze etiketler, \u00e7ok d\u00fc\u015f\u00fck s\u0131cakl\u0131klarda bile yap\u0131\u015fma g\u00fcc\u00fcn\u00fc koruyabilen \u00f6zel etiket \u00e7e\u015fitleridir. Ka\u011f\u0131t bazl\u0131 malzemenin iki taraf\u0131 koruyucu tabaka ile g\u00fc\u00e7lendirilir, b\u00f6ylece -18\u00b0C ile -30\u00b0C aras\u0131ndaki derin dondurucu ko\u015fullar\u0131nda bile y\u00fczeye sa\u011flam \u015fekilde tutunur. Yap\u0131\u015fkan\u0131n kristalle\u015fmemesi, uzun s\u00fcre kullan\u0131m sa\u011flayarak \u00f6zellikle dondurulmu\u015f g\u0131da, et \u00fcr\u00fcnleri, buzlu depolama ve medikal numune etiketlemede ideal \u00e7\u00f6z\u00fcmd\u00fcr.<\/p>\n","protected":false},"author":1,"featured_media":0,"parent":0,"menu_order":0,"comment_status":"closed","ping_status":"closed","template":"","meta":{"om_disable_all_campaigns":false,"_monsterinsights_skip_tracking":false,"_monsterinsights_sitenote_active":false,"_monsterinsights_sitenote_note":"","_monsterinsights_sitenote_category":0,"footnotes":""},"class_list":["post-281","page","type-page","status-publish","hentry"],"aioseo_notices":[],"_links":{"self":[{"href":"https:\/\/tacpackambalaj.com\/index.php\/wp-json\/wp\/v2\/pages\/281","targetHints":{"allow":["GET"]}}],"collection":[{"href":"https:\/\/tacpackambalaj.com\/index.php\/wp-json\/wp\/v2\/pages"}],"about":[{"href":"https:\/\/tacpackambalaj.com\/index.php\/wp-json\/wp\/v2\/types\/page"}],"author":[{"embeddable":true,"href":"https:\/\/tacpackambalaj.com\/index.php\/wp-json\/wp\/v2\/users\/1"}],"replies":[{"embeddable":true,"href":"https:\/\/tacpackambalaj.com\/index.php\/wp-json\/wp\/v2\/comments?post=281"}],"version-history":[{"count":2,"href":"https:\/\/tacpackambalaj.com\/index.php\/wp-json\/wp\/v2\/pages\/281\/revisions"}],"predecessor-version":[{"id":389,"href":"https:\/\/tacpackambalaj.com\/index.php\/wp-json\/wp\/v2\/pages\/281\/revisions\/389"}],"wp:attachment":[{"href":"https:\/\/tacpackambalaj.com\/index.php\/wp-json\/wp\/v2\/media?parent=281"}],"curies":[{"name":"wp","href":"https:\/\/api.w.org\/{rel}","templated":true}]}}